{"id":19,"date":"2015-11-25T07:32:41","date_gmt":"2015-11-25T07:32:41","guid":{"rendered":"https:\/\/smartyschool.stylemixthemes.com\/?page_id=19"},"modified":"2026-03-25T15:23:31","modified_gmt":"2026-03-25T15:23:31","slug":"home-2","status":"publish","type":"page","link":"https:\/\/palatulnationalalcopiilor.ro\/","title":{"rendered":"Home"},"content":{"rendered":"<p>[vc_row][vc_column][vc_column_text][\/vc_column_text][\/vc_column][\/vc_row][vc_row full_width=&#8221;stretch_row&#8221; css=&#8221;.vc_custom_1688978215573{background-image: url(https:\/\/palatulnationalalcopiilor.ro\/wp-content\/uploads\/2023\/04\/palatul-national-ai-copiilor-safeimagekit.png?id=4431) !important;background-position: center !important;background-repeat: no-repeat !important;background-size: cover !important;}&#8221;][vc_column]\n\t\t\t<!-- START Home REVOLUTION SLIDER 6.5.5 --><p class=\"rs-p-wp-fix\"><\/p>\n\t\t\t<rs-module-wrap id=\"rev_slider_1_1_wrapper\" data-source=\"gallery\" style=\"visibility:hidden;background:transparent;padding:0;margin:0px auto;margin-top:0;margin-bottom:0;\">\n\t\t\t\t<rs-module id=\"rev_slider_1_1\" style=\"\" data-version=\"6.5.5\">\n\t\t\t\t\t<rs-slides>\n\t\t\t\t\t\t<rs-slide style=\"position: absolute;\" data-key=\"rs-1\" data-title=\"Slide\" data-in=\"o:0;\" data-out=\"a:false;\">\n\t\t\t\t\t\t\t<img decoding=\"async\" src=\"\/\/palatulnationalalcopiilor.ro\/wp-content\/plugins\/revslider\/public\/assets\/assets\/dummy.png\" alt=\"Slide\" title=\"Home\" class=\"rev-slidebg tp-rs-img rs-lazyload\" data-lazyload=\"\/\/palatulnationalalcopiilor.ro\/wp-content\/plugins\/revslider\/public\/assets\/assets\/transparent.png\" data-no-retina>\n<!--\n\t\t\t\t\t\t\t--><rs-layer\n\t\t\t\t\t\t\t\tid=\"slider-1-slide-1-layer-0\" \n\t\t\t\t\t\t\t\tdata-type=\"text\"\n\t\t\t\t\t\t\t\tdata-color=\"#000000\"\n\t\t\t\t\t\t\t\tdata-rsp_ch=\"on\"\n\t\t\t\t\t\t\t\tdata-xy=\"x:c;y:m;yo:-39px,-190px,-210px,-140px;\"\n\t\t\t\t\t\t\t\tdata-text=\"w:normal;s:30,38,35,32;l:25,40,37,34;ls:2px,1px,0px,0px;a:center;\"\n\t\t\t\t\t\t\t\tdata-dim=\"w:1178px,580px,320px,320px;\"\n\t\t\t\t\t\t\t\tdata-vbility=\"t,f,f,f\"\n\t\t\t\t\t\t\t\tdata-frame_0=\"y:50,30,28,19;\"\n\t\t\t\t\t\t\t\tdata-frame_1=\"x:2px,1px,0px,0px;y:57px,35px,33px,23px;sp:1000;\"\n\t\t\t\t\t\t\t\tdata-frame_999=\"y:-50,-30,-28,-19;o:0;st:w;sp:1000;sR:8000;\"\n\t\t\t\t\t\t\t\tstyle=\"z-index:12;font-family:'Patrick Hand';\"\n\t\t\t\t\t\t\t>PALATUL\u00a0NA\u021aIONAL AL\u00a0COPIILOR\u00a0DIN BUCURE\u0218TI<br \/>\n<br \/>\n,,Nu zidurile fac o \u0219coal\u0103, ci spiritul ce domne\u0219te \u00eentr-\u00eensa''<br \/>\n<br \/>\n- Ferdinand I -<br \/>\n<br \/>\nVALORILE\u00a0 PNCB<br \/>\n<br \/>\nPerforman\u021b\u0103<br \/>\n<br \/>\nAdev\u0103r<br \/>\n<br \/>\nLibertate<br \/>\n<br \/>\nAltruism<br \/>\n<br \/>\nTenacitate<br \/>\n<br \/>\n\u00centr-o lume modern\u0103, \u00een care\u00a0copiii\u00a0sunt tot mai absorbi\u021bi de tehnologie \u0219i de activit\u0103\u021bi pasive,\u00a0Palatul\u00a0Na\u021bional al\u00a0Copiilor\u00a0din Bucure\u0219ti promoveaz\u0103 o varietate de activit\u0103\u021bi extra\u0219colare, \u00a0devenind \u00a0o oaz\u0103 de creativitate \u0219i de dezvoltare personal\u0103. \n\t\t\t\t\t\t\t<\/rs-layer><!--\n\n\t\t\t\t\t\t\t--><rs-layer\n\t\t\t\t\t\t\t\tid=\"slider-1-slide-1-layer-1\" \n\t\t\t\t\t\t\t\tdata-type=\"text\"\n\t\t\t\t\t\t\t\tdata-color=\"#000000\"\n\t\t\t\t\t\t\t\tdata-rsp_ch=\"on\"\n\t\t\t\t\t\t\t\tdata-xy=\"x:c;xo:1px,0,0,0;yo:152px,93px,87px,61px;\"\n\t\t\t\t\t\t\t\tdata-text=\"w:normal;s:40,24,22,24;l:40,24,22,24;ls:1,0,0,0;a:center;\"\n\t\t\t\t\t\t\t\tdata-dim=\"w:auto,1000px,944px,439px;minh:0px,none,none,none;\"\n\t\t\t\t\t\t\t\tdata-vbility=\"f,f,t,f\"\n\t\t\t\t\t\t\t\tdata-frame_1=\"sp:1000;\"\n\t\t\t\t\t\t\t\tdata-frame_999=\"o:0;st:w;sR:8500;\"\n\t\t\t\t\t\t\t\tstyle=\"z-index:10;font-family:'Patrick Hand';\"\n\t\t\t\t\t\t\t>PALATUL\u00a0NA\u021aIONAL AL\u00a0COPIILOR\u00a0DIN BUCURE\u0218TI<br \/>\n<br \/>\n,,Nu zidurile fac o \u0219coal\u0103, ci spiritul ce domne\u0219te \u00eentr-\u00eensa''<br \/>\n<br \/>\n- Ferdinand I -<br \/>\n<br \/>\nVALORILE\u00a0 PNCB<br \/>\n<br \/>\nPerforman\u021b\u0103<br \/>\n<br \/>\nAdev\u0103r<br \/>\n<br \/>\nLibertate<br \/>\n<br \/>\nAltruism<br \/>\n<br \/>\nTenacitate<br \/>\n<br \/>\n\u00centr-o lume modern\u0103, \u00een care\u00a0copiii\u00a0sunt tot mai absorbi\u021bi de tehnologie \u0219i de activit\u0103\u021bi pasive,\u00a0Palatul\u00a0Na\u021bional al\u00a0Copiilor\u00a0din Bucure\u0219ti promoveaz\u0103 o varietate de activit\u0103\u021bi extra\u0219colare, \u00a0devenind \u00a0o oaz\u0103 de creativitate \u0219i de dezvoltare personal\u0103. \n\t\t\t\t\t\t\t<\/rs-layer><!--\n\n\t\t\t\t\t\t\t--><rs-layer\n\t\t\t\t\t\t\t\tid=\"slider-1-slide-1-layer-2\" \n\t\t\t\t\t\t\t\tdata-type=\"text\"\n\t\t\t\t\t\t\t\tdata-color=\"#ffffff||#ffffff||#ffffff||#000000\"\n\t\t\t\t\t\t\t\tdata-rsp_ch=\"on\"\n\t\t\t\t\t\t\t\tdata-xy=\"x:l,l,l,c;xo:50px,30px,28px,0;yo:50px,30px,28px,0;\"\n\t\t\t\t\t\t\t\tdata-text=\"w:normal;s:20,12,11,20;l:25,15,14,22;ls:0,0,0,0px;a:left,left,left,center;\"\n\t\t\t\t\t\t\t\tdata-dim=\"h:auto,auto,auto,100%;\"\n\t\t\t\t\t\t\t\tdata-vbility=\"f,f,f,t\"\n\t\t\t\t\t\t\t\tdata-frame_1=\"sp:1000;\"\n\t\t\t\t\t\t\t\tdata-frame_999=\"o:0;st:w;\"\n\t\t\t\t\t\t\t\tstyle=\"z-index:9;font-family:'Patrick Hand';\"\n\t\t\t\t\t\t\t>PALATUL\u00a0NA\u021aIONAL AL\u00a0COPIILOR\u00a0DIN BUCURE\u0218TI<br \/>\n<br \/>\n,,Nu zidurile fac o \u0219coal\u0103,<br \/>\nci spiritul ce domne\u0219te \u00eentr-\u00eensa''<br \/>\n<br \/>\n- Ferdinand I -<br \/>\n<br \/>\nVALORILE\u00a0 PNCB<br \/>\n<br \/>\nPerforman\u021b\u0103<br \/>\n<br \/>\nAdev\u0103r<br \/>\n<br \/>\nLibertate<br \/>\n<br \/>\nAltruism<br \/>\n<br \/>\nTenacitate<br \/>\n<br \/>\n\u00centr-o lume modern\u0103, \u00een care\u00a0copiii<br \/>\nsunt tot mai absorbi\u021bi de tehnologie<br \/>\n\u0219i de activit\u0103\u021bi pasive,\u00a0<br \/>\nPalatul\u00a0Na\u021bional al\u00a0Copiilor\u00a0din Bucure\u0219ti<br \/>\npromoveaz\u0103 o varietate de <br \/>\nactivit\u0103\u021bi extra\u0219colare,<br \/>\ndevenind \u00a0o oaz\u0103 de creativitate<br \/>\n\u0219i de dezvoltare personal\u0103. \n\t\t\t\t\t\t\t<\/rs-layer><!--\n\n\t\t\t\t\t\t\t--><rs-layer\n\t\t\t\t\t\t\t\tid=\"slider-1-slide-1-layer-3\" \n\t\t\t\t\t\t\t\tdata-type=\"text\"\n\t\t\t\t\t\t\t\tdata-color=\"#000000\"\n\t\t\t\t\t\t\t\tdata-rsp_ch=\"on\"\n\t\t\t\t\t\t\t\tdata-xy=\"x:c,c,c,l;y:m;\"\n\t\t\t\t\t\t\t\tdata-text=\"w:normal;s:20,12,11,14;l:25,15,14,15;a:center;\"\n\t\t\t\t\t\t\t\tdata-vbility=\"f,t,f,f\"\n\t\t\t\t\t\t\t\tdata-frame_1=\"sp:1000;\"\n\t\t\t\t\t\t\t\tdata-frame_999=\"o:0;st:w;\"\n\t\t\t\t\t\t\t\tstyle=\"z-index:11;font-family:'Patrick Hand';\"\n\t\t\t\t\t\t\t>PALATUL\u00a0NA\u021aIONAL AL\u00a0COPIILOR\u00a0DIN BUCURE\u0218TI<br \/>\n<br \/>\n,,Nu zidurile fac o \u0219coal\u0103, ci spiritul ce domne\u0219te \u00eentr-\u00eensa''<br \/>\n<br \/>\n- Ferdinand I -<br \/>\n<br \/>\nVALORILE\u00a0 PNCB<br \/>\n<br \/>\nPerforman\u021b\u0103<br \/>\n<br \/>\nAdev\u0103r<br \/>\n<br \/>\nLibertate<br \/>\n<br \/>\nAltruism<br \/>\n<br \/>\nTenacitate<br \/>\n<br \/>\n\u00centr-o lume modern\u0103, \u00een care\u00a0copiii\u00a0sunt tot mai absorbi\u021bi de tehnologie \u0219i de activit\u0103\u021bi pasive,<br \/>\nPalatul\u00a0Na\u021bional al\u00a0Copiilor\u00a0din Bucure\u0219ti promoveaz\u0103 o varietate de activit\u0103\u021bi extra\u0219colare, \u00a0devenind \u00a0o oaz\u0103 de creativitate \u0219i de dezvoltare personal\u0103. \n\t\t\t\t\t\t\t<\/rs-layer><!--\n\n\t\t\t\t\t\t\t--><rs-layer\n\t\t\t\t\t\t\t\tid=\"slider-1-slide-1-layer-4\" \n\t\t\t\t\t\t\t\tdata-type=\"text\"\n\t\t\t\t\t\t\t\tdata-color=\"#ffffff||#ffffff||#ffffff||#000000\"\n\t\t\t\t\t\t\t\tdata-rsp_ch=\"on\"\n\t\t\t\t\t\t\t\tdata-xy=\"x:l,l,l,c;xo:50px,30px,28px,0;yo:50px,30px,28px,-15px;\"\n\t\t\t\t\t\t\t\tdata-text=\"w:normal;s:20,12,11,24;l:25,15,14,24;a:left,left,left,center;\"\n\t\t\t\t\t\t\t\tdata-vbility=\"f,f,f,f\"\n\t\t\t\t\t\t\t\tdata-frame_999=\"o:0;st:w;\"\n\t\t\t\t\t\t\t\tstyle=\"z-index:8;font-family:'Patrick Hand';\"\n\t\t\t\t\t\t\t>PALATUL\u00a0NA\u021aIONAL AL\u00a0COPIILOR\u00a0DIN BUCURE\u0218TI \n\t\t\t\t\t\t\t<\/rs-layer><!--\n-->\t\t\t\t\t\t<\/rs-slide>\n\t\t\t\t\t<\/rs-slides>\n\t\t\t\t<\/rs-module>\n\t\t\t\t<script type=\"text\/javascript\">\n\t\t\t\t\tsetREVStartSize({c: 'rev_slider_1_1',rl:[1240,1024,778,480],el:[800,768,768,328],gw:[1170,720,680,480],gh:[800,768,768,720],type:'standard',justify:'',layout:'fullwidth',mh:\"0\"});if (window.RS_MODULES!==undefined && window.RS_MODULES.modules!==undefined && window.RS_MODULES.modules[\"revslider11\"]!==undefined) {window.RS_MODULES.modules[\"revslider11\"].once = false;window.revapi1 = undefined;window.RS_MODULES.checkMinimal()}\n\t\t\t\t<\/script>\n\t\t\t<\/rs-module-wrap>\n\t\t\t<!-- END REVOLUTION SLIDER -->\n[stm_spacing lg_spacing=&#8221;30&#8243; md_spacing=&#8221;30&#8243; sm_spacing=&#8221;150&#8243; xs_spacing=&#8221;170&#8243;][\/vc_column][\/vc_row][vc_row][vc_column][vc_basic_grid post_type=&#8221;post&#8221; max_items=&#8221;-1&#8243; style=&#8221;load-more&#8221; items_per_page=&#8221;12&#8243; show_filter=&#8221;yes&#8221; element_width=&#8221;3&#8243; item=&#8221;basicGrid_ScaleInWithRotation&#8221; btn_title=&#8221;Mai mult&#8221; btn_style=&#8221;modern&#8221; btn_color=&#8221;default&#8221; btn_size=&#8221;xs&#8221; btn_align=&#8221;center&#8221; btn_button_block=&#8221;true&#8221; grid_id=&#8221;vc_gid:1774452132787-43c59aaf0730646c391a909d474211a3-4&#8243; filter_source=&#8221;category&#8221; exclude_filter=&#8221;148&#8243; taxonomies=&#8221;146, 147, 145, 149&#8243;][vc_tta_pageable][vc_tta_section title=&#8221;Section 2&#8243; tab_id=&#8221;1698314366933-b7e2efe5-9649&#8243;][\/vc_tta_section][\/vc_tta_pageable][\/vc_column][\/vc_row]<\/p>\n","protected":false},"excerpt":{"rendered":"<p>[vc_row][vc_column][vc_column_text][\/vc_column_text][\/vc_column][\/vc_row][vc_row full_width=&#8221;stretch_row&#8221; css=&#8221;.vc_custom_1688978215573{background-image: url(https:\/\/palatulnationalalcopiilor.ro\/wp-content\/uploads\/2023\/04\/palatul-national-ai-copiilor-safeimagekit.png?id=4431) !important;background-position: center !important;background-repeat: no-repeat !important;background-size: cover !important;}&#8221;][vc_column][stm_spacing lg_spacing=&#8221;30&#8243; md_spacing=&#8221;30&#8243; sm_spacing=&#8221;150&#8243; xs_spacing=&#8221;170&#8243;][\/vc_column][\/vc_row][vc_row][vc_column][vc_basic_grid post_type=&#8221;post&#8221; max_items=&#8221;-1&#8243; style=&#8221;load-more&#8221; items_per_page=&#8221;12&#8243; show_filter=&#8221;yes&#8221; element_width=&#8221;3&#8243; item=&#8221;basicGrid_ScaleInWithRotation&#8221; btn_title=&#8221;Mai mult&#8221; btn_style=&#8221;modern&#8221; btn_color=&#8221;default&#8221; btn_size=&#8221;xs&#8221; btn_align=&#8221;center&#8221; btn_button_block=&#8221;true&#8221; grid_id=&#8221;vc_gid:1774452132787-43c59aaf0730646c391a909d474211a3-4&#8243; filter_source=&#8221;category&#8221; exclude_filter=&#8221;148&#8243; taxonomies=&#8221;146, 147, 145, 149&#8243;][vc_tta_pageable][vc_tta_section title=&#8221;Section 2&#8243; tab_id=&#8221;1698314366933-b7e2efe5-9649&#8243;][\/vc_tta_section][\/vc_tta_pageable][\/vc_column][\/vc_row]<\/p>\n","protected":false},"author":1,"featured_media":0,"parent":0,"menu_order":0,"comment_status":"closed","ping_status":"closed","template":"","meta":{"footnotes":""},"class_list":["post-19","page","type-page","status-publish","hentry"],"_links":{"self":[{"href":"https:\/\/palatulnationalalcopiilor.ro\/index.php?rest_route=\/wp\/v2\/pages\/19","targetHints":{"allow":["GET"]}}],"collection":[{"href":"https:\/\/palatulnationalalcopiilor.ro\/index.php?rest_route=\/wp\/v2\/pages"}],"about":[{"href":"https:\/\/palatulnationalalcopiilor.ro\/index.php?rest_route=\/wp\/v2\/types\/page"}],"author":[{"embeddable":true,"href":"https:\/\/palatulnationalalcopiilor.ro\/index.php?rest_route=\/wp\/v2\/users\/1"}],"replies":[{"embeddable":true,"href":"https:\/\/palatulnationalalcopiilor.ro\/index.php?rest_route=%2Fwp%2Fv2%2Fcomments&post=19"}],"version-history":[{"count":24,"href":"https:\/\/palatulnationalalcopiilor.ro\/index.php?rest_route=\/wp\/v2\/pages\/19\/revisions"}],"predecessor-version":[{"id":8262,"href":"https:\/\/palatulnationalalcopiilor.ro\/index.php?rest_route=\/wp\/v2\/pages\/19\/revisions\/8262"}],"wp:attachment":[{"href":"https:\/\/palatulnationalalcopiilor.ro\/index.php?rest_route=%2Fwp%2Fv2%2Fmedia&parent=19"}],"curies":[{"name":"wp","href":"https:\/\/api.w.org\/{rel}","templated":true}]}}