{"id":4288,"date":"2023-03-13T15:38:06","date_gmt":"2023-03-13T15:38:06","guid":{"rendered":"http:\/\/palatulnationalalcopiilor.ro\/?page_id=4288"},"modified":"2023-03-13T15:38:06","modified_gmt":"2023-03-13T15:38:06","slug":"despre-noi-2","status":"publish","type":"page","link":"https:\/\/palatulnationalalcopiilor.ro\/?page_id=4288","title":{"rendered":"Istoric"},"content":{"rendered":"<p>[vc_row][vc_column width=&#8221;3\/6&#8243;][vc_column_text]<\/p>\n<p style=\"text-align: center;\"><span style=\"font-family: 'comic sans ms', sans-serif;\"><b>Palatul Na\u0163ional al Copiilor<\/b>\u00a0are o tradi\u0163ie de peste 70 de ani \u00een domeniul educa\u0163iei complementare a copiilor, func\u0163ion\u00e2nd, de la \u00eenfiin\u0163are, \u00een mai multe loca\u0163ii.<\/span><\/p>\n<p style=\"text-align: center;\"><span style=\"font-family: 'comic sans ms', sans-serif;\"><span lang=\"FR\">La 1 aprilie 1949 s-a \u00eenfiin\u0163at \u00een cl\u0103direa actualului Palat Cotroceni, Palatul Pionierilor, care a \u00eenceput s\u0103 func\u0163ioneze efectiv \u00een 1950. \u00cen anul 1975, cl\u0103direa a fost preluat\u0103 de Protocolul de Stat, pentru a fi restaurat\u0103 ca re\u015fedin\u0163\u0103 preziden\u0163ial\u0103, iar institu\u0163ia a func\u0163ionat sub titulatura de Casa Central\u0103 a Pionierilor \u00eentr-o cl\u0103dire din strada \u201cSfin\u0163ii Apostoli\u201d.\u00a0<\/span>Din 1979 s-a mutat \u00een sediul din strada Serban-Vod\u0103.\u00a0\u00a0<span lang=\"FR\">\u00centre anii 1983-1985 s-a construit actualul sediu al palatului din B-dul Tineretului. Moderna \u015fi impun\u0103toarea cl\u0103dire a fost inaugurat\u0103 \u00een septembrie 1985, sub numele de Palatul Pionierilor.<\/span><\/span><\/p>\n<p>[\/vc_column_text][\/vc_column][vc_column width=&#8221;3\/6&#8243;][vc_single_image image=&#8221;4397&#8243; img_size=&#8221;full&#8221; alignment=&#8221;right&#8221;][\/vc_column][\/vc_row][vc_row][vc_column width=&#8221;3\/6&#8243;][vc_single_image image=&#8221;4396&#8243; img_size=&#8221;full&#8221;][\/vc_column][vc_column width=&#8221;3\/6&#8243;][vc_column_text]&nbsp;<\/p>\n<p style=\"text-align: center;\"><span lang=\"FR\" style=\"font-family: 'comic sans ms', sans-serif;\">Dup\u0103 evenimentele din 1989, prin Hot\u0103r\u00e2rea nr.141\/15.02.1990 a Guvernului Petre Roman, s-a schimbat oficial denumirea \u00een Palatul Copiilor, pentru ca apoi, \u00een 1994 s\u0103 devin\u0103 prin Hot\u0103r\u00e2rea nr. 6167\/1994 a Ministerului \u00cenv\u0103\u0163am\u00e2ntului:\u00a0<b>Palatul Na\u0163ional al Copiilor din Bucure\u0219ti<\/b>, unitate reprezentativ\u0103 pentru educa\u0163ia extra\u015fcolar\u0103.<\/span><\/p>\n<p style=\"text-align: center;\"><span style=\"font-family: 'comic sans ms', sans-serif;\">Este o unitate de timp liber, care ofer\u0103 educa\u0163ie nonformal\u0103 \u015fi \u00een acela\u015fi timp este centru na\u0163ional de perfec\u0163ionare pentru cluburile \u015fi palatele copiilor din Bucure\u015fti \u015fi din \u0163ar\u0103, fiind direct subordonat Ministerului Educa\u0163ei.<\/span><\/p>\n<p>[\/vc_column_text][\/vc_column][\/vc_row]<\/p>\n","protected":false},"excerpt":{"rendered":"<p>[vc_row][vc_column width=&#8221;3\/6&#8243;][vc_column_text] Palatul Na\u0163ional al Copiilor\u00a0are o tradi\u0163ie de peste 70 de ani \u00een domeniul educa\u0163iei complementare a copiilor, func\u0163ion\u00e2nd, de la \u00eenfiin\u0163are, \u00een mai multe loca\u0163ii. La 1 aprilie 1949 s-a \u00eenfiin\u0163at \u00een cl\u0103direa actualului Palat Cotroceni, Palatul Pionierilor, care a \u00eenceput s\u0103 func\u0163ioneze efectiv \u00een 1950. \u00cen anul 1975, cl\u0103direa a fost preluat\u0103 [&hellip;]<\/p>\n","protected":false},"author":1,"featured_media":0,"parent":0,"menu_order":0,"comment_status":"closed","ping_status":"closed","template":"","meta":{"footnotes":""},"class_list":["post-4288","page","type-page","status-publish","hentry"],"_links":{"self":[{"href":"https:\/\/palatulnationalalcopiilor.ro\/index.php?rest_route=\/wp\/v2\/pages\/4288","targetHints":{"allow":["GET"]}}],"collection":[{"href":"https:\/\/palatulnationalalcopiilor.ro\/index.php?rest_route=\/wp\/v2\/pages"}],"about":[{"href":"https:\/\/palatulnationalalcopiilor.ro\/index.php?rest_route=\/wp\/v2\/types\/page"}],"author":[{"embeddable":true,"href":"https:\/\/palatulnationalalcopiilor.ro\/index.php?rest_route=\/wp\/v2\/users\/1"}],"replies":[{"embeddable":true,"href":"https:\/\/palatulnationalalcopiilor.ro\/index.php?rest_route=%2Fwp%2Fv2%2Fcomments&post=4288"}],"version-history":[{"count":0,"href":"https:\/\/palatulnationalalcopiilor.ro\/index.php?rest_route=\/wp\/v2\/pages\/4288\/revisions"}],"wp:attachment":[{"href":"https:\/\/palatulnationalalcopiilor.ro\/index.php?rest_route=%2Fwp%2Fv2%2Fmedia&parent=4288"}],"curies":[{"name":"wp","href":"https:\/\/api.w.org\/{rel}","templated":true}]}}