{"id":4293,"date":"2023-03-13T15:39:46","date_gmt":"2023-03-13T15:39:46","guid":{"rendered":"http:\/\/palatulnationalalcopiilor.ro\/?page_id=4293"},"modified":"2023-07-06T10:15:28","modified_gmt":"2023-07-06T10:15:28","slug":"obiective","status":"publish","type":"page","link":"https:\/\/palatulnationalalcopiilor.ro\/?page_id=4293","title":{"rendered":"Misiune, Viziune si Obiective Strategice"},"content":{"rendered":"<p>[vc_row][vc_column][vc_column_text]<\/p>\n<p style=\"font-weight: 400; text-align: center;\"><strong>MISIUNE<\/strong><\/p>\n<p style=\"font-weight: 400; text-align: center;\"><a href=\"http:\/\/www.palatulnationalalcopiilor.ro\/\" data-saferedirecturl=\"https:\/\/www.google.com\/url?q=http:\/\/www.palatulnationalalcopiilor.ro\/&amp;source=gmail&amp;ust=1680692593680000&amp;usg=AOvVaw0LWTBFEXAgToxjZR9aHt70\">Palatul Na\u0163ional al Copiilor din Bucure\u015fti<\/a>\u00a0este un\u00a0<strong><em>Centru de excelen\u021b\u0103 <\/em><\/strong>al educa\u021biei non-formale unde se organizeaz\u0103 manifest\u0103ri culturale, tehnic- \u0219tiin\u021bifice\u0219i sportive de \u00eenalt\u0103 \u021binut\u0103 la care particip\u0103 gratuit copiii \u0219i elevii din \u00eenv\u0103\u021b\u0103m\u00e2ntul preuniversitar.<\/p>\n<p style=\"font-weight: 400; text-align: center;\"><strong>\u00a0<\/strong><\/p>\n<p style=\"font-weight: 400; text-align: center;\"><strong>VIZIUNE<\/strong><\/p>\n<p style=\"font-weight: 400; text-align: center;\"><strong>\u00a0\u00a0\u00a0\u00a0\u00a0\u00a0\u00a0\u00a0\u00a0\u00a0\u00a0\u00a0<\/strong>Palatul Na\u021bional al Copiilor din Bucure\u0219ti \u00ee\u0219i propune s\u0103 aduc\u0103 plus, valoare sistemului educa\u021bional rom\u00e2nesc printr-o ofert\u0103 de cursuri diversificat\u0103 \u00een permanen\u021b\u0103, adaptat\u0103 competen\u021belor mileniului III, \u00een context european, \u00a0precum \u0219i intereselor, dorin\u021belor, nevoilor \u0219i poten\u021bialului copiilor.<\/p>\n<p style=\"font-weight: 400; text-align: center;\">\u00a0\u00a0\u00a0\u00a0\u00a0\u00a0\u00a0\u00a0\u00a0\u00a0\u00a0 Prin cercurile cultural \u2013 artistice, tehnico-\u0219tiin\u021bifice \u0219i sportive care func\u021bioneaz\u0103 \u00een Palatul Na\u021bional al Copiilor din Bucure\u0219ti, \u00a0elevii vor putea s\u0103-\u0219i dezvolte competen\u021bele \u0219i pasiunile \u00eentr-o manier\u0103 integrat\u0103. Astfel, \u00a0Palatul Na\u021bional al Copiilor din Bucure\u0219ti\u00a0<strong><em>nu va fi doar un spa\u021biu aplicativ<\/em><\/strong>\u00a0pentru educa\u021bia formal\u0103 ci\u00a0<strong><em>\u0219i un loc al bucuriei<\/em><\/strong>.<\/p>\n<p>&nbsp;<\/p>\n<p><strong>OBIECTIVE\/ \u0162INTE STRATEGICE<\/strong><\/p>\n<ol>\n<li>Dezvoltarea \u0219i modernizarea infrastructurii \u0219i bazei materiale;<\/li>\n<li>Cre\u0219terea prestigiului institu\u021bional prin reconstruirea imaginii institu\u021bionale;<\/li>\n<li>Eficientizarea comunic\u0103rii intra \u0219i interinstitu\u021bional\u0103;<\/li>\n<li>Organizarea centrului na\u021bional de formare \u0219i dezvoltare profesional\u0103 pentru Palatele \u0219i cluburile copiilor din \u021bar\u0103;<\/li>\n<li>Cre\u0219terea calit\u0103\u021bii activit\u0103\u021bilor educative prin dezvoltarea de proiecte na\u021bionale, interna\u021bionale \u0219i accesarea finan\u021b\u0103rilor externe.<\/li>\n<\/ol>\n<p>[\/vc_column_text][\/vc_column][\/vc_row]<\/p>\n","protected":false},"excerpt":{"rendered":"<p>[vc_row][vc_column][vc_column_text] MISIUNE Palatul Na\u0163ional al Copiilor din Bucure\u015fti\u00a0este un\u00a0Centru de excelen\u021b\u0103 al educa\u021biei non-formale unde se organizeaz\u0103 manifest\u0103ri culturale, tehnic- \u0219tiin\u021bifice\u0219i sportive de \u00eenalt\u0103 \u021binut\u0103 la care particip\u0103 gratuit copiii \u0219i elevii din \u00eenv\u0103\u021b\u0103m\u00e2ntul preuniversitar. \u00a0 VIZIUNE \u00a0\u00a0\u00a0\u00a0\u00a0\u00a0\u00a0\u00a0\u00a0\u00a0\u00a0\u00a0Palatul Na\u021bional al Copiilor din Bucure\u0219ti \u00ee\u0219i propune s\u0103 aduc\u0103 plus, valoare sistemului educa\u021bional rom\u00e2nesc printr-o ofert\u0103 de [&hellip;]<\/p>\n","protected":false},"author":1,"featured_media":0,"parent":0,"menu_order":0,"comment_status":"closed","ping_status":"closed","template":"","meta":{"footnotes":""},"class_list":["post-4293","page","type-page","status-publish","hentry"],"_links":{"self":[{"href":"https:\/\/palatulnationalalcopiilor.ro\/index.php?rest_route=\/wp\/v2\/pages\/4293","targetHints":{"allow":["GET"]}}],"collection":[{"href":"https:\/\/palatulnationalalcopiilor.ro\/index.php?rest_route=\/wp\/v2\/pages"}],"about":[{"href":"https:\/\/palatulnationalalcopiilor.ro\/index.php?rest_route=\/wp\/v2\/types\/page"}],"author":[{"embeddable":true,"href":"https:\/\/palatulnationalalcopiilor.ro\/index.php?rest_route=\/wp\/v2\/users\/1"}],"replies":[{"embeddable":true,"href":"https:\/\/palatulnationalalcopiilor.ro\/index.php?rest_route=%2Fwp%2Fv2%2Fcomments&post=4293"}],"version-history":[{"count":1,"href":"https:\/\/palatulnationalalcopiilor.ro\/index.php?rest_route=\/wp\/v2\/pages\/4293\/revisions"}],"predecessor-version":[{"id":4750,"href":"https:\/\/palatulnationalalcopiilor.ro\/index.php?rest_route=\/wp\/v2\/pages\/4293\/revisions\/4750"}],"wp:attachment":[{"href":"https:\/\/palatulnationalalcopiilor.ro\/index.php?rest_route=%2Fwp%2Fv2%2Fmedia&parent=4293"}],"curies":[{"name":"wp","href":"https:\/\/api.w.org\/{rel}","templated":true}]}}