{"id":4296,"date":"2023-03-13T15:44:15","date_gmt":"2023-03-13T15:44:15","guid":{"rendered":"http:\/\/palatulnationalalcopiilor.ro\/?page_id=4296"},"modified":"2025-12-16T16:10:13","modified_gmt":"2025-12-16T16:10:13","slug":"conducere","status":"publish","type":"page","link":"https:\/\/palatulnationalalcopiilor.ro\/?page_id=4296","title":{"rendered":"Conducere"},"content":{"rendered":"<p>[vc_row][vc_column][vc_row_inner][vc_column_inner][vc_column_text]<\/p>\n<p style=\"text-align: center;\"><span style=\"font-size: 14pt;\"><strong>ECHIPA MANAGERIAL\u0102 A PALATULUI NA\u021aIONAL AL COPIILOR DIN BUCURE\u0218TI<\/strong><\/span><\/p>\n<p style=\"text-align: center;\"><strong><span style=\"font-size: 14pt;\">AN \u0218COLAR 2025-2026<\/span><\/strong><\/p>\n<p>[\/vc_column_text][vc_single_image image=&#8221;8188&#8243; img_size=&#8221;large&#8221; alignment=&#8221;center&#8221;][vc_column_text]<\/p>\n<p style=\"text-align: center;\"><strong><span style=\"font-size: 14pt;\"><span style=\"font-size: 12pt;\">DIRECTOR<\/span><\/span><\/strong><\/p>\n<p style=\"text-align: center;\"><strong><span style=\"font-size: 14pt;\">Marin Maria Luciana<\/span><\/strong><\/p>\n<p style=\"text-align: center;\"><strong><span style=\"font-size: 14pt;\"><span style=\"font-size: 12pt;\">DIRECTORI ADJUNC\u021aI<\/span><\/span><\/strong><\/p>\n<p style=\"text-align: center;\"><strong><span style=\"font-size: 14pt;\">Bran Valentina Cosmina<\/span><\/strong><\/p>\n<p style=\"text-align: center;\"><strong><span style=\"font-size: 14pt;\">Barbu Gabriel<\/span><\/strong><\/p>\n<div id=\"simple-translate\" class=\"simple-translate-system-theme\">\n<div>\n<div class=\"simple-translate-button isShow\" style=\"background-image: url('moz-extension:\/\/3d08c67e-39ee-4959-a5f8-99656e77ca6d\/icons\/512.png'); height: 32px; width: 32px; top: 161px; left: 412px;\"><\/div>\n<div class=\"simple-translate-panel \" style=\"width: 500px; height: 400px; top: 0px; left: 0px; font-size: 14px;\">\n<div class=\"simple-translate-result-wrapper\" style=\"overflow: hidden;\">\n<div class=\"simple-translate-move\" draggable=\"true\"><\/div>\n<div class=\"simple-translate-result-contents\">\n<p class=\"simple-translate-result\" dir=\"auto\">\n<p class=\"simple-translate-candidate\" dir=\"auto\">\n<\/div>\n<\/div>\n<\/div>\n<\/div>\n<\/div>\n<p>[\/vc_column_text][vc_column_text]<\/p>\n<p style=\"text-align: center;\"><span style=\"font-size: 14pt;\"><strong>ECHIPA MANAGERIAL\u0102 A PALATULUI NA\u021aIONAL AL COPIILOR DIN BUCURE\u0218TI<\/strong><\/span><\/p>\n<p style=\"text-align: center;\"><strong><span style=\"font-size: 14pt;\">AN \u0218COLAR 2024-2025<\/span><\/strong><\/p>\n<p style=\"text-align: center;\">DIRECTOR<br \/>\nPROF. DR. TEODORA BENTZ[\/vc_column_text][vc_single_image image=&#8221;7072&#8243; img_size=&#8221;full&#8221; alignment=&#8221;center&#8221;][vc_column_text]<strong>EXPERIEN\u021a\u0102 PROFESIONAL\u0102<br \/>\n<\/strong><br \/>\n&#8211; Profesor de limba \u0219i literatura rom\u00e2n\u0103 la Colegiul Na\u021bional \u201eI.L. Caragiale\u201d, Bucure\u0219ti;<br \/>\n&#8211; Inspector \u0218colar General Adjunct- ISMB- \u00eentre 2020-2023;<br \/>\n&#8211; Director adjunct al Colegiului Na\u021bional \u201eAl.I. Cuza\u201d, Foc\u0219ani- 2018-2019;<br \/>\n&#8211; Inspector \u0219colar de limba \u0219i literatura rom\u00e2n\u0103- 2018;<br \/>\n&#8211; Consilier educativ- 2014-2015;<br \/>\n&#8211; Profesor metodist \u00eentre 2011-2020;<br \/>\n&#8211; Membru \u00een Corpul de Exper\u021bi al Corpului de Control- ME (2018-prezent)<br \/>\n&#8211; Formator ARDOR, PROF, CNPEEN.<\/p>\n<p><strong>EDUCA\u021aIE \u0218I FORMARE<\/strong><\/p>\n<p>&#8211; Doctor \u00een filologie;<br \/>\n&#8211; Absolvent\u0103 a unor studii aprofundate \u2013 folclor;<br \/>\n&#8211; Licen\u021biat\u0103 \u00een filologie, specializarea Limba \u0219i literatura rom\u00e2n\u0103- limba \u0219i literatura latin\u0103;<br \/>\n&#8211; Cursuri de management educa\u021bional, mentorat, evaluare, educa\u021bie incluziv\u0103, educa\u021bie antreprenorial\u0103, comunicare.[\/vc_column_text][\/vc_column_inner][\/vc_row_inner][vc_row_inner][vc_column_inner width=&#8221;1\/2&#8243;][vc_column_text]<\/p>\n<p style=\"text-align: center;\">DIRECTOR ADJUNCT<br \/>\nPROF. VALENTINA COSMINA BRAN[\/vc_column_text][vc_single_image image=&#8221;7073&#8243; img_size=&#8221;full&#8221; alignment=&#8221;center&#8221;][vc_column_text]<strong>EXPERIEN\u021a\u0102 PROFESIONAL\u0102<\/strong><\/p>\n<p>&#8211; Profesor limba \u0219i literatura rom\u00e2n\u0103 la Colegiul Tehnic \u201eDinicu Golescu\u201d &#8211; Cenaclu literar la Palatul Na\u021bional al Copiilor din Bucure\u0219ti;<br \/>\n&#8211; Inspector \u0219colar proiecte educa\u021bionale 2019 \u0219i 2021-2022;<br \/>\n&#8211; Director adjunct Colegiul Tehnic \u201eDinicu Golescu\u201d- 2020-2021;<br \/>\n&#8211; Profesor metodist ISMB &#8211; specialitatea proiecte \u0219i programe educa\u021bionale \u00eentre 2013-2019;<br \/>\n&#8211; Membru \u00een Consiliul Consultativ- specialitatea proiecte \u0219i programe educa\u021bionale \u00eentre 2014-2022;<br \/>\n&#8211; Consilier educativ\/ coordonator proiecte \u0219i programe educative \u00eentre 2008-2009 \u0219i 2012-2019 la Colegiul Tehnic \u201eDinicu Golescu\u201d.<\/p>\n<p><strong>EDUCA\u021aIE \u0218I FORMARE<\/strong><\/p>\n<p>&#8211; Absolvent\u0103 a Universit\u0103\u021bii Bucure\u0219ti, Facultatea de Teologie Ortodox\u0103- Limba \u0219i literatura rom\u00e2n\u0103,<br \/>\n&#8211; Masterat \u00een Comunicare \u0219i rela\u021bii publice- SNSPA;<br \/>\n&#8211; cursuri de management educational, managementul proiectelor, marketing educational, digitalizare, combaterea bullyingului, \u00eenv\u0103\u021bare diferen\u021biat\u0103 etc.[\/vc_column_text][\/vc_column_inner][vc_column_inner width=&#8221;1\/2&#8243;][vc_column_text]<\/p>\n<p style=\"text-align: center;\">DIRECTOR ADJUNCT<br \/>\nPROF. DR. ALINA PARASCHIV[\/vc_column_text][vc_single_image image=&#8221;7575&#8243; img_size=&#8221;full&#8221; alignment=&#8221;center&#8221;][vc_column_text]<strong>EXPERIEN\u021a\u0102 PROFESIONAL\u0102<\/strong><\/p>\n<p>&#8211; Profesor matematic\u0103 la Colegiul Na\u021bional \u201dElena Cuza\u201d \u2013 Cerc Matematic\u0103 aplicat\u0103 la Palatul Na\u021bional al Copiilor din Bucure\u0219ti;<br \/>\n&#8211; Inspector \u0219colar pentru matematic\u0103 2019 \u0219i 2022-2025;<br \/>\n&#8211; Pre\u0219edinte ARACIP 2021;<br \/>\n&#8211; Director \u0218coala Primar\u0103 ZECE 2016-2017;<br \/>\n&#8211; Director adjunct Colegiul Na\u021bional \u201dGrigore Moisil\u201d 2014-2015;<br \/>\n&#8211; Director \u0218coala Gimnazial\u0103 \u201dAdrian P\u0103unescu\u201d 2013-2014;<br \/>\n&#8211; Profesor metodist ISMB &#8211; specialitatea matematic\u0103 2010-\u00een prezent;<br \/>\n&#8211; Membru \u00een Consiliul Consultativ- specialitatea matematic\u0103 2018-\u00een prezent;<br \/>\n&#8211; Membru \u00een grupurile de lucru pentru examenele na\u021bionale 2011- \u00een prezent;<br \/>\n&#8211; Membru \u00een Comisia na\u021bional\u0103 de specialitate \u2013 Matematic\u0103.<\/p>\n<p><strong>EDUCA\u021aIE \u0218I FORMARE<\/strong><\/p>\n<p>&#8211; Doctor \u00een domeniul Matematic\u0103- Academia Rom\u00e2n\u0103, Institutul Na\u021bional de Statistic\u0103;<br \/>\n&#8211; Absolvent\u0103 a cursurilor de master Statistic\u0103 Aplicat\u0103 \u0219i Optimizare Matematic\u0103 \u00een cadrul Universit\u0103\u021bii din Bucure\u0219ti, Facultatea de Matematic\u0103;<br \/>\n&#8211; Absolvent\u0103 a cursurilor de master Management educa\u021bional \u00een cadrul Universit\u0103\u021bii din Bucure\u0219ti, Departamentul ID CREDIS;<br \/>\n&#8211; Absolvent\u0103 a Facult\u0103\u021bii de Matematic\u0103 \u00een cadrul Universit\u0103\u021bii din Bucure\u0219ti;<br \/>\n&#8211; cursuri de mentorat, profesionalizarea carierei didactice, control \u0219i monitorizare \u00een educa\u021bie, formator etc.[\/vc_column_text][\/vc_column_inner][\/vc_row_inner][vc_zigzag][\/vc_column][\/vc_row][vc_row][vc_column][vc_single_image image=&#8221;6040&#8243; img_size=&#8221;large&#8221; alignment=&#8221;center&#8221; onclick=&#8221;img_link_large&#8221;][\/vc_column][\/vc_row][vc_row][vc_column width=&#8221;1\/2&#8243;][vc_single_image image=&#8221;6041&#8243; img_size=&#8221;full&#8221; alignment=&#8221;center&#8221; onclick=&#8221;img_link_large&#8221;][\/vc_column][vc_column width=&#8221;1\/2&#8243;][vc_single_image image=&#8221;6042&#8243; img_size=&#8221;full&#8221; alignment=&#8221;center&#8221; onclick=&#8221;img_link_large&#8221;][\/vc_column][\/vc_row][vc_row][vc_column][vc_column_text]<\/p>\n<p style=\"text-align: center;\"><strong>ECHIPA MANAGERIAL\u0102 A PALATULUI NA\u021aIONAL AL COPIILOR DIN BUCURE\u0218TI<br \/>\n<\/strong><strong>AN \u0218COLAR 2022-2023<\/strong>[\/vc_column_text][\/vc_column][\/vc_row][vc_row][vc_column width=&#8221;1\/2&#8243;][vc_column_text]<\/p>\n<p style=\"text-align: center;\">DIRECTOR:<br \/>\nPROF. DR. DIANA MELNIC[\/vc_column_text][vc_single_image image=&#8221;8026&#8243; img_size=&#8221;full&#8221; alignment=&#8221;center&#8221; onclick=&#8221;img_link_large&#8221;][\/vc_column][vc_column width=&#8221;1\/2&#8243;][vc_column_text]<\/p>\n<p style=\"text-align: center;\">DIRECTOR ADJUNCT:<br \/>\nPROF. MIHAELA FLORESCU[\/vc_column_text][vc_single_image image=&#8221;8027&#8243; img_size=&#8221;full&#8221; alignment=&#8221;center&#8221; onclick=&#8221;img_link_large&#8221;][\/vc_column][\/vc_row][vc_row][vc_column width=&#8221;1\/2&#8243;][vc_column_text]<\/p>\n<p style=\"text-align: center;\">DIRECTOR ADJUNCT:<br \/>\nPROF. VALENTINA COSMINA BRAN[\/vc_column_text][vc_single_image image=&#8221;8030&#8243; img_size=&#8221;full&#8221; alignment=&#8221;center&#8221; onclick=&#8221;img_link_large&#8221;][\/vc_column][\/vc_row]<\/p>\n","protected":false},"excerpt":{"rendered":"<p>[vc_row][vc_column][vc_row_inner][vc_column_inner][vc_column_text] ECHIPA MANAGERIAL\u0102 A PALATULUI NA\u021aIONAL AL COPIILOR DIN BUCURE\u0218TI AN \u0218COLAR 2025-2026 [\/vc_column_text][vc_single_image image=&#8221;8188&#8243; img_size=&#8221;large&#8221; alignment=&#8221;center&#8221;][vc_column_text] DIRECTOR Marin Maria Luciana DIRECTORI ADJUNC\u021aI Bran Valentina Cosmina Barbu Gabriel [\/vc_column_text][vc_column_text] ECHIPA MANAGERIAL\u0102 A PALATULUI NA\u021aIONAL AL COPIILOR DIN BUCURE\u0218TI AN \u0218COLAR 2024-2025 DIRECTOR PROF. DR. TEODORA BENTZ[\/vc_column_text][vc_single_image image=&#8221;7072&#8243; img_size=&#8221;full&#8221; alignment=&#8221;center&#8221;][vc_column_text]EXPERIEN\u021a\u0102 PROFESIONAL\u0102 &#8211; Profesor de limba \u0219i [&hellip;]<\/p>\n","protected":false},"author":1,"featured_media":0,"parent":0,"menu_order":0,"comment_status":"closed","ping_status":"closed","template":"","meta":{"footnotes":""},"class_list":["post-4296","page","type-page","status-publish","hentry"],"_links":{"self":[{"href":"https:\/\/palatulnationalalcopiilor.ro\/index.php?rest_route=\/wp\/v2\/pages\/4296","targetHints":{"allow":["GET"]}}],"collection":[{"href":"https:\/\/palatulnationalalcopiilor.ro\/index.php?rest_route=\/wp\/v2\/pages"}],"about":[{"href":"https:\/\/palatulnationalalcopiilor.ro\/index.php?rest_route=\/wp\/v2\/types\/page"}],"author":[{"embeddable":true,"href":"https:\/\/palatulnationalalcopiilor.ro\/index.php?rest_route=\/wp\/v2\/users\/1"}],"replies":[{"embeddable":true,"href":"https:\/\/palatulnationalalcopiilor.ro\/index.php?rest_route=%2Fwp%2Fv2%2Fcomments&post=4296"}],"version-history":[{"count":21,"href":"https:\/\/palatulnationalalcopiilor.ro\/index.php?rest_route=\/wp\/v2\/pages\/4296\/revisions"}],"predecessor-version":[{"id":8197,"href":"https:\/\/palatulnationalalcopiilor.ro\/index.php?rest_route=\/wp\/v2\/pages\/4296\/revisions\/8197"}],"wp:attachment":[{"href":"https:\/\/palatulnationalalcopiilor.ro\/index.php?rest_route=%2Fwp%2Fv2%2Fmedia&parent=4296"}],"curies":[{"name":"wp","href":"https:\/\/api.w.org\/{rel}","templated":true}]}}