{"id":4311,"date":"2023-03-13T15:49:09","date_gmt":"2023-03-13T15:49:09","guid":{"rendered":"http:\/\/palatulnationalalcopiilor.ro\/?page_id=4311"},"modified":"2025-11-27T09:17:44","modified_gmt":"2025-11-27T09:17:44","slug":"personal","status":"publish","type":"page","link":"https:\/\/palatulnationalalcopiilor.ro\/?page_id=4311","title":{"rendered":"Personal Didactic"},"content":{"rendered":"<p>[vc_row][vc_column][\/vc_column][\/vc_row][vc_row][vc_column][vc_tta_tabs][vc_tta_section title=&#8221;Sec\u021bia Sport&#8221; tab_id=&#8221;1691413015452-affb86c1-5e72&#8243;][vc_column_text]<\/p>\n<table width=\"100%\" cellspacing=\"0\" cellpadding=\"0\">\n<tbody>\n<tr valign=\"top\">\n<td width=\"25%\">\n<h4 align=\"center\">Nr. crt.<\/h4>\n<\/td>\n<td width=\"25%\">\n<h4 align=\"center\">NUMELE SI PRENUMELE<\/h4>\n<\/td>\n<td width=\"25%\">\n<h4 align=\"center\">CERCUL<\/h4>\n<\/td>\n<td width=\"25%\">\n<h4 align=\"center\">SECTIA<\/h4>\n<\/td>\n<\/tr>\n<tr valign=\"top\">\n<td width=\"25%\">\n<p align=\"center\">1<\/p>\n<\/td>\n<td width=\"25%\">\n<p align=\"center\">Avram Flavian<\/p>\n<\/td>\n<td width=\"25%\">\n<p align=\"center\">Baschet<\/p>\n<\/td>\n<td width=\"25%\">\n<p align=\"center\">Sport<\/p>\n<\/td>\n<\/tr>\n<tr valign=\"top\">\n<td width=\"25%\">\n<p align=\"center\">2<\/p>\n<\/td>\n<td width=\"25%\">\n<p align=\"center\">Bl\u0103naru Carmen<\/p>\n<\/td>\n<td width=\"25%\">\n<p align=\"center\">Badminton<\/p>\n<\/td>\n<td width=\"25%\">\n<p align=\"center\">Sport<\/p>\n<\/td>\n<\/tr>\n<tr valign=\"top\">\n<td width=\"25%\">\n<p align=\"center\">3<\/p>\n<\/td>\n<td width=\"25%\">\n<p align=\"center\">Chele\u0219 Claudiu<\/p>\n<\/td>\n<td width=\"25%\">\n<p align=\"center\">Arte Martiale \/Karate 1<\/p>\n<\/td>\n<td width=\"25%\">\n<p align=\"center\">Sport<\/p>\n<\/td>\n<\/tr>\n<tr valign=\"top\">\n<td width=\"25%\">\n<p align=\"center\">4<\/p>\n<\/td>\n<td width=\"25%\">\n<p align=\"center\">Chele\u0219 Iulian<\/p>\n<\/td>\n<td width=\"25%\">\n<p align=\"center\">Arte Martiale \/Karate 2<\/p>\n<\/td>\n<td width=\"25%\">\n<p align=\"center\">Sport<\/p>\n<\/td>\n<\/tr>\n<tr valign=\"top\">\n<td width=\"25%\">\n<p align=\"center\">5<\/p>\n<\/td>\n<td width=\"25%\">\n<p align=\"center\">Cojocaru Radu<\/p>\n<\/td>\n<td width=\"25%\">\n<p align=\"center\">Gimnastic\u0103 ritmic\u0103<\/p>\n<\/td>\n<td width=\"25%\">\n<p align=\"center\">Sport<\/p>\n<\/td>\n<\/tr>\n<tr valign=\"top\">\n<td width=\"25%\">\n<p align=\"center\">6<\/p>\n<\/td>\n<td width=\"25%\">\n<p align=\"center\">Cozma R\u0103zvan<\/p>\n<\/td>\n<td width=\"25%\">\n<p align=\"center\">Fotbal 1<\/p>\n<\/td>\n<td width=\"25%\">\n<p align=\"center\">Sport<\/p>\n<\/td>\n<\/tr>\n<tr valign=\"top\">\n<td width=\"25%\">\n<p align=\"center\">7<\/p>\n<\/td>\n<td width=\"25%\">\n<p align=\"center\"><\/td>\n<td width=\"25%\">\n<p align=\"center\">\u0218ah<\/p>\n<\/td>\n<td width=\"25%\">\n<p align=\"center\">Sport<\/p>\n<\/td>\n<\/tr>\n<tr valign=\"top\">\n<td width=\"25%\">\n<p align=\"center\">8<\/p>\n<\/td>\n<td width=\"25%\">\n<p align=\"center\">Grigore Virgil<\/p>\n<\/td>\n<td width=\"25%\">\n<p align=\"center\">Dans Sportiv<\/p>\n<\/td>\n<td width=\"25%\">\n<p align=\"center\">Sport<\/p>\n<\/td>\n<\/tr>\n<tr valign=\"top\">\n<td width=\"25%\">\n<p align=\"center\">9<\/p>\n<\/td>\n<td width=\"25%\">\n<p align=\"center\">Ionescu Cristina<\/p>\n<\/td>\n<td width=\"25%\">\n<p align=\"center\">Dans Sportiv<\/p>\n<\/td>\n<td width=\"25%\">\n<p align=\"center\">Sport<\/p>\n<\/td>\n<\/tr>\n<tr valign=\"top\">\n<td width=\"25%\">\n<p align=\"center\">10<\/p>\n<\/td>\n<td width=\"25%\">\n<p align=\"center\">Ionescu Stelian<\/p>\n<\/td>\n<td width=\"25%\">\n<p align=\"center\">Fotbal 2<\/p>\n<\/td>\n<td width=\"25%\">\n<p align=\"center\">Sport<\/p>\n<\/td>\n<\/tr>\n<tr valign=\"top\">\n<td width=\"25%\" height=\"25\">\n<p align=\"center\">11<\/p>\n<\/td>\n<td width=\"25%\">\n<p align=\"center\">Ivan Madalina<\/p>\n<\/td>\n<td width=\"25%\">\n<p align=\"center\">Atletism 1<\/p>\n<\/td>\n<td width=\"25%\">\n<p align=\"center\">Sport<\/p>\n<\/td>\n<\/tr>\n<tr valign=\"top\">\n<td width=\"25%\">\n<p align=\"center\">12<\/p>\n<\/td>\n<td width=\"25%\">\n<p align=\"center\">Must\u0103\u021bea Mihai<\/p>\n<\/td>\n<td width=\"25%\">\n<p align=\"center\">Fotbal 3<\/p>\n<\/td>\n<td width=\"25%\">\n<p align=\"center\">Sport<\/p>\n<\/td>\n<\/tr>\n<tr valign=\"top\">\n<td width=\"25%\">\n<p align=\"center\">13<\/p>\n<\/td>\n<td width=\"25%\">\n<p align=\"center\">Pascal Mara<\/p>\n<\/td>\n<td width=\"25%\">\n<p align=\"center\">Orientare turistic\u0103<\/p>\n<\/td>\n<td width=\"25%\">\n<p align=\"center\">Sport<\/p>\n<\/td>\n<\/tr>\n<tr valign=\"top\">\n<td width=\"25%\">\n<p align=\"center\">14<\/p>\n<\/td>\n<td width=\"25%\">\n<p align=\"center\">Popovici Miomir<\/p>\n<\/td>\n<td width=\"25%\">\n<p align=\"center\">Atletism 2<\/p>\n<\/td>\n<td width=\"25%\">\n<p align=\"center\">Sport<\/p>\n<\/td>\n<\/tr>\n<tr valign=\"top\">\n<td width=\"25%\">\n<p align=\"center\">15<\/p>\n<\/td>\n<td width=\"25%\"><\/td>\n<td width=\"25%\">\n<p align=\"center\">Judo<\/p>\n<\/td>\n<td width=\"25%\">\n<p align=\"center\">Sport<\/p>\n<\/td>\n<\/tr>\n<tr valign=\"top\">\n<td width=\"25%\">\n<p align=\"center\">16<\/p>\n<\/td>\n<td width=\"25%\"><\/td>\n<td width=\"25%\">\n<p align=\"center\">Gimnastic\u0103 sportiv\u0103<\/p>\n<\/td>\n<td width=\"25%\">\n<p align=\"center\">Sport<\/p>\n<\/td>\n<\/tr>\n<\/tbody>\n<\/table>\n<p>[\/vc_column_text][\/vc_tta_section][vc_tta_section title=&#8221;Sec\u021bia Tehnico-\u0218tiin\u021bific\u0103&#8221; tab_id=&#8221;1691413015453-cfbeee82-7ff6&#8243;][vc_column_text]<\/p>\n<table width=\"100%\" cellspacing=\"0\" cellpadding=\"0\">\n<tbody>\n<tr valign=\"top\">\n<td width=\"25%\">\n<h4 align=\"center\">Nr. crt.<\/h4>\n<\/td>\n<td width=\"25%\">\n<h4 align=\"center\">NUMELE \u0218I PRENUMELE<\/h4>\n<\/td>\n<td width=\"25%\">\n<h4 align=\"center\">CERCUL<\/h4>\n<\/td>\n<td width=\"25%\">\n<h4 align=\"center\">SEC\u021aIA<\/h4>\n<\/td>\n<\/tr>\n<tr valign=\"top\">\n<td width=\"25%\">\n<p align=\"center\">1<\/p>\n<\/td>\n<td width=\"25%\">\n<p align=\"center\">Balalia Gabriela<\/p>\n<\/td>\n<td width=\"25%\">\n<p align=\"center\">Informatic\u0103 1<\/p>\n<\/td>\n<td width=\"25%\">\n<p align=\"center\">Tehnico-\u0218tiin\u021bific\u0103<\/p>\n<\/td>\n<\/tr>\n<tr valign=\"top\">\n<td width=\"25%\">\n<p align=\"center\">2<\/p>\n<\/td>\n<td width=\"25%\">\n<p align=\"center\">Boca Valentin<\/p>\n<\/td>\n<td width=\"25%\">\n<p align=\"center\">Informatic\u0103 2<\/p>\n<\/td>\n<td width=\"25%\">\n<p align=\"center\">Tehnico-\u0218tiin\u021bific\u0103<\/p>\n<\/td>\n<\/tr>\n<tr valign=\"top\">\n<td width=\"25%\">\n<p align=\"center\">3<\/p>\n<\/td>\n<td width=\"25%\">\n<p align=\"center\">Cucu Sorin<\/p>\n<\/td>\n<td width=\"25%\">\n<p align=\"center\">Automodele<\/p>\n<\/td>\n<td width=\"25%\">\n<p align=\"center\">Tehnico-\u0218tiin\u021bific\u0103<\/p>\n<\/td>\n<\/tr>\n<tr valign=\"top\">\n<td width=\"25%\">\n<p align=\"center\">4<\/p>\n<\/td>\n<td width=\"25%\">\n<p align=\"center\">Dinc\u0103 Daniel Florin<\/p>\n<\/td>\n<td width=\"25%\">\n<p align=\"center\">Radiocomunica\u021bii<\/p>\n<\/td>\n<td width=\"25%\">\n<p align=\"center\">Tehnico-\u0218tiin\u021bific\u0103<\/p>\n<\/td>\n<\/tr>\n<tr valign=\"top\">\n<td width=\"25%\">\n<p align=\"center\">5<\/p>\n<\/td>\n<td width=\"25%\">\n<p align=\"center\">Drexeler Camelia<\/p>\n<\/td>\n<td width=\"25%\">\n<p align=\"center\">Chimie experimental\u0103<\/p>\n<\/td>\n<td width=\"25%\">\n<p align=\"center\">Tehnico-\u0218tiin\u021bific\u0103<\/p>\n<\/td>\n<\/tr>\n<tr valign=\"top\">\n<td width=\"25%\">\n<p align=\"center\">6<\/p>\n<\/td>\n<td width=\"25%\">\n<p align=\"center\">Enache Narcisa<\/p>\n<\/td>\n<td width=\"25%\">\n<p align=\"center\">Agrobiologie<\/p>\n<\/td>\n<td width=\"25%\">\n<p align=\"center\">Tehnico-\u0218tiin\u021bific\u0103<\/p>\n<\/td>\n<\/tr>\n<tr valign=\"top\">\n<td width=\"25%\">\n<p align=\"center\">7<\/p>\n<\/td>\n<td width=\"25%\">\n<p align=\"center\"><\/td>\n<td width=\"25%\">\n<p align=\"center\">Educa\u021bie rutier\u0103<\/p>\n<\/td>\n<td width=\"25%\">\n<p align=\"center\">Tehnico-\u0218tiin\u021bific\u0103<\/p>\n<\/td>\n<\/tr>\n<tr valign=\"top\">\n<td width=\"25%\">\n<p align=\"center\">8<\/p>\n<\/td>\n<td width=\"25%\">\n<p align=\"center\">Lipcanu Minodora<\/p>\n<\/td>\n<td width=\"25%\">\n<p align=\"center\">Astronomie<\/p>\n<\/td>\n<td width=\"25%\">\n<p align=\"center\">Tehnico-\u0218tiin\u021bific\u0103<\/p>\n<\/td>\n<\/tr>\n<tr valign=\"top\">\n<td width=\"25%\">\n<p align=\"center\">9<\/p>\n<\/td>\n<td width=\"25%\">\n<p align=\"center\">Maistru Ana<\/p>\n<\/td>\n<td width=\"25%\">\n<p align=\"center\">Atelierul Fanteziei<\/p>\n<\/td>\n<td width=\"25%\">\n<p align=\"center\">Tehnico-\u0218tiin\u021bific\u0103<\/p>\n<\/td>\n<\/tr>\n<tr valign=\"top\">\n<td width=\"25%\">\n<p align=\"center\">10<\/p>\n<\/td>\n<td width=\"25%\">\n<p align=\"center\">Nichita Cristiana<\/p>\n<\/td>\n<td width=\"25%\">\n<p align=\"center\">Machete Construc\u021bii\/ Lego<\/p>\n<\/td>\n<td width=\"25%\">\n<p align=\"center\">Tehnico-\u0218tiin\u021bific\u0103<\/p>\n<\/td>\n<\/tr>\n<tr valign=\"top\">\n<td width=\"25%\">\n<p align=\"center\">11<\/p>\n<\/td>\n<td width=\"25%\">\n<p align=\"center\">Ralea Silvia<\/p>\n<\/td>\n<td width=\"25%\">\n<p align=\"center\">Ecologie \/Protec\u021bia Mediului<\/p>\n<\/td>\n<td width=\"25%\">\n<p align=\"center\">Tehnico-\u0218tiin\u021bific\u0103<\/p>\n<\/td>\n<\/tr>\n<tr valign=\"top\">\n<td width=\"25%\">\n<p align=\"center\">12<\/p>\n<\/td>\n<td width=\"25%\">\n<p align=\"center\">\u0218tefanescu Ina<\/p>\n<\/td>\n<td width=\"25%\">\n<p align=\"center\">Informatic\u0103 3<\/p>\n<\/td>\n<td width=\"25%\">\n<p align=\"center\">Tehnico-\u0218tiin\u021bific\u0103<\/p>\n<\/td>\n<\/tr>\n<tr valign=\"top\">\n<td width=\"25%\">\n<p align=\"center\">13<\/p>\n<\/td>\n<td width=\"25%\">\n<p align=\"center\">Zbuchea Camelia<\/p>\n<\/td>\n<td width=\"25%\">\n<p align=\"center\">Tehnoredactare pe calculator<\/p>\n<\/td>\n<td width=\"25%\">\n<p align=\"center\">Tehnico-\u0218tiin\u021bific\u0103<\/p>\n<\/td>\n<\/tr>\n<tr valign=\"top\">\n<td width=\"25%\">\n<p align=\"center\">14<\/p>\n<\/td>\n<td width=\"25%\"><\/td>\n<td width=\"25%\">\n<p align=\"center\">Matematic\u0103 aplicat\u0103<\/p>\n<\/td>\n<td width=\"25%\">\n<p align=\"center\">Tehnico-\u0218tiin\u021bific\u0103<\/p>\n<\/td>\n<\/tr>\n<tr valign=\"top\">\n<td width=\"25%\">\n<p align=\"center\">15<\/p>\n<\/td>\n<td width=\"25%\">\n<p align=\"center\">Balica Agelica<\/p>\n<\/td>\n<td width=\"25%\">\n<p align=\"center\">Electronic\u0103 \u2013 deta\u0219at<\/p>\n<\/td>\n<td width=\"25%\">\n<p align=\"center\">Tehnico-\u0218tiin\u021bific\u0103<\/p>\n<\/td>\n<\/tr>\n<tr valign=\"top\">\n<td width=\"25%\">\n<p align=\"center\">16<\/p>\n<\/td>\n<td width=\"25%\"><\/td>\n<td width=\"25%\">\n<p align=\"center\">Robotic\u0103<\/p>\n<\/td>\n<td width=\"25%\">\n<p align=\"center\">Tehnico-\u0218tiin\u021bific\u0103<\/p>\n<\/td>\n<\/tr>\n<\/tbody>\n<\/table>\n<p>[\/vc_column_text][\/vc_tta_section][vc_tta_section title=&#8221;Sec\u021bia Cultural-Artistic\u0103&#8221; tab_id=&#8221;1691415004228-f1e0f208-94de&#8221;][vc_column_text]<\/p>\n<table width=\"100%\" cellspacing=\"0\" cellpadding=\"0\">\n<tbody>\n<tr valign=\"top\">\n<td width=\"25%\">\n<h4 align=\"center\">Nr. crt.<\/h4>\n<\/td>\n<td width=\"25%\">\n<h4 align=\"center\">NUMELE \u0218I PRENUMELE<\/h4>\n<\/td>\n<td width=\"25%\">\n<h4 align=\"center\">CERCUL<\/h4>\n<\/td>\n<td width=\"25%\">\n<h4 align=\"center\">SEC\u021aIA<\/h4>\n<\/td>\n<\/tr>\n<tr valign=\"top\">\n<td width=\"25%\">\n<p align=\"center\">1<\/p>\n<\/td>\n<td width=\"25%\">\n<p align=\"center\">B\u0103nu\u021b\u0103 Ana Maria<\/p>\n<\/td>\n<td width=\"25%\">\n<p align=\"center\">Balet Petit Arabesque<\/p>\n<\/td>\n<td width=\"25%\">\n<p align=\"center\">Cultural-Artistic\u0103<\/p>\n<\/td>\n<\/tr>\n<tr valign=\"top\">\n<td width=\"25%\">\n<p align=\"center\">2<\/p>\n<\/td>\n<td width=\"25%\">\n<p align=\"center\">Boeroiu Carmen Bianca<\/p>\n<\/td>\n<td width=\"25%\">\n<p align=\"center\">Ceramic\u0103<\/p>\n<\/td>\n<td width=\"25%\">\n<p align=\"center\">Cultural-Artistic\u0103<\/p>\n<\/td>\n<\/tr>\n<tr valign=\"top\">\n<td width=\"25%\" height=\"16\">\n<p align=\"center\">3<\/p>\n<\/td>\n<td width=\"25%\">\n<p align=\"center\">Bouro\u0219u Mihaela<\/p>\n<\/td>\n<td width=\"25%\">\n<p align=\"center\">Lb Spaniol\u0103 +Lb Italian\u0103<\/p>\n<\/td>\n<td width=\"25%\">\n<p align=\"center\">Cultural-Artistic\u0103<\/p>\n<\/td>\n<\/tr>\n<tr valign=\"top\">\n<td width=\"25%\">\n<p align=\"center\">4<\/p>\n<\/td>\n<td width=\"25%\">\n<p align=\"center\">Bran Valentina Cosmina<\/p>\n<\/td>\n<td width=\"25%\">\n<p align=\"center\">Cenaclu Literar \/ Crea\u021bie Literar\u0103<\/p>\n<\/td>\n<td width=\"25%\">\n<p align=\"center\">Cultural-Artistic\u0103<\/p>\n<\/td>\n<\/tr>\n<tr valign=\"top\">\n<td width=\"25%\">\n<p align=\"center\">5<\/p>\n<\/td>\n<td width=\"25%\">\n<p align=\"center\">C\u0103\u021boi Daniela<\/p>\n<\/td>\n<td width=\"25%\">\n<p align=\"center\">Art\u0103 decorativ\u0103\/Ceramic\u0103<\/p>\n<\/td>\n<td width=\"25%\">\n<p align=\"center\">Cultural-Artistic\u0103<\/p>\n<\/td>\n<\/tr>\n<tr valign=\"top\">\n<td width=\"25%\">\n<p align=\"center\">6<\/p>\n<\/td>\n<td width=\"25%\">\n<p align=\"center\">\n<\/td>\n<td width=\"25%\">\n<p align=\"center\">Balet Elegance<\/p>\n<\/td>\n<td width=\"25%\">\n<p align=\"center\">Cultural-Artistic\u0103<\/p>\n<\/td>\n<\/tr>\n<tr valign=\"top\">\n<td width=\"25%\">\n<p align=\"center\">7<\/p>\n<\/td>\n<td width=\"25%\">\n<p align=\"center\">Chinschi Teodora<\/p>\n<\/td>\n<td width=\"25%\">\n<p align=\"center\">Arta Decorativa\/ Pictura<\/p>\n<\/td>\n<td width=\"25%\">\n<p align=\"center\">Cultural-Artistic\u0103<\/p>\n<\/td>\n<\/tr>\n<tr valign=\"top\">\n<td width=\"25%\">\n<p align=\"center\">8<\/p>\n<\/td>\n<td width=\"25%\">\n<p align=\"center\">Ciobanu Emilian Ionu\u021b<\/p>\n<\/td>\n<td width=\"25%\">\n<p align=\"center\">Instrumente tradi\u021bionale muzicale<\/p>\n<\/td>\n<td width=\"25%\">\n<p align=\"center\">Cultural-Artistic\u0103<\/p>\n<\/td>\n<\/tr>\n<tr valign=\"top\">\n<td width=\"25%\">\n<p align=\"center\">9<\/p>\n<\/td>\n<td width=\"25%\">\n<p align=\"center\">Dr\u0103g\u0103nescu Raluca<\/p>\n<\/td>\n<td width=\"25%\">\n<p align=\"center\">Muzic\u0103 u\u0219oar\u0103 MusicALL<\/p>\n<\/td>\n<td width=\"25%\">\n<p align=\"center\">Cultural-Artistic\u0103<\/p>\n<\/td>\n<\/tr>\n<tr valign=\"top\">\n<td width=\"25%\">\n<p align=\"center\">10<\/p>\n<\/td>\n<td width=\"25%\">\n<p align=\"center\">Dumitrache Ileana<\/p>\n<\/td>\n<td width=\"25%\">\n<p align=\"center\">Muzic\u0103 Vocal Instrumental\u0103<\/p>\n<\/td>\n<td width=\"25%\">\n<p align=\"center\">Cultural-Artistic\u0103<\/p>\n<\/td>\n<\/tr>\n<tr valign=\"top\">\n<td width=\"25%\">\n<p align=\"center\">11<\/p>\n<\/td>\n<td width=\"25%\">\n<p align=\"center\">Gherghevici C\u0103lin<\/p>\n<\/td>\n<td width=\"25%\">\n<p align=\"center\">Foto \u2013 Cineclub<\/p>\n<\/td>\n<td width=\"25%\">\n<p align=\"center\">Cultural-Artistic\u0103<\/p>\n<\/td>\n<\/tr>\n<tr valign=\"top\">\n<td width=\"25%\">\n<p align=\"center\">12<\/p>\n<\/td>\n<td width=\"25%\">\n<p align=\"center\">Gu\u021b\u0103 Armand<\/p>\n<\/td>\n<td width=\"25%\">\n<p align=\"center\">Rela\u021bii Interna\u021bionale Lb Englez\u0103<\/p>\n<\/td>\n<td width=\"25%\">\n<p align=\"center\">Cultural-Artistic\u0103<\/p>\n<\/td>\n<\/tr>\n<tr valign=\"top\">\n<td width=\"25%\">\n<p align=\"center\">13<\/p>\n<\/td>\n<td width=\"25%\">\n<p align=\"center\">Hanceriuc Marian Alexandru<\/p>\n<\/td>\n<td width=\"25%\">\n<p align=\"center\">Muzic\u0103 u\u0219oar\u0103 vocal\u0103 \u0219i instrumental\u0103<\/p>\n<\/td>\n<td width=\"25%\">\n<p align=\"center\">Cultural-Artistic\u0103<\/p>\n<\/td>\n<\/tr>\n<tr valign=\"top\">\n<td width=\"25%\">\n<p align=\"center\">14<\/p>\n<\/td>\n<td width=\"25%\">\n<p align=\"center\">Ion M\u0103d\u0103lina<\/p>\n<\/td>\n<td width=\"25%\">\n<p align=\"center\">Balet Glissade<\/p>\n<\/td>\n<td width=\"25%\">\n<p align=\"center\">Cultural-Artistic\u0103<\/p>\n<\/td>\n<\/tr>\n<tr valign=\"top\">\n<td width=\"25%\">\n<p align=\"center\">15<\/p>\n<\/td>\n<td width=\"25%\">\n<p align=\"center\">Istrate \u0218tefania<\/p>\n<\/td>\n<td width=\"25%\">\n<p align=\"center\">Cor Carmina<\/p>\n<\/td>\n<td width=\"25%\">\n<p align=\"center\">Cultural-Artistic\u0103<\/p>\n<\/td>\n<\/tr>\n<tr valign=\"top\">\n<td width=\"25%\">\n<p align=\"center\">16<\/p>\n<\/td>\n<td width=\"25%\">\n<p align=\"center\">M\u0103nd\u0103\u015fescu Radu<\/p>\n<\/td>\n<td width=\"25%\">\n<p align=\"center\">Cultur\u0103 \u0219i Civiliza\u021bie Lb Francez\u0103<\/p>\n<\/td>\n<td width=\"25%\">\n<p align=\"center\">Cultural-Artistic\u0103<\/p>\n<\/td>\n<\/tr>\n<tr valign=\"top\">\n<td width=\"25%\">\n<p align=\"center\">17<\/p>\n<\/td>\n<td width=\"25%\">\n<p align=\"center\">M\u0103nescu Rebeca Emanuella<\/p>\n<\/td>\n<td width=\"25%\">\n<p align=\"center\">Pictura\/ Desen<\/p>\n<\/td>\n<td width=\"25%\">\n<p align=\"center\">Cultural-Artistic\u0103<\/p>\n<\/td>\n<\/tr>\n<tr valign=\"top\">\n<td width=\"25%\">\n<p align=\"center\">18<\/p>\n<\/td>\n<td width=\"25%\">\n<p align=\"center\">Mihordea Dana Maria<\/p>\n<\/td>\n<td width=\"25%\">\n<p align=\"center\">Jocuri muzicale<\/p>\n<\/td>\n<td width=\"25%\">\n<p align=\"center\">Cultural-Artistic\u0103<\/p>\n<\/td>\n<\/tr>\n<tr valign=\"top\">\n<td width=\"25%\">\n<p align=\"center\">19<\/p>\n<\/td>\n<td width=\"25%\">\n<p align=\"center\">Mihu\u021b Andreea<\/p>\n<\/td>\n<td width=\"25%\">\n<p align=\"center\">Dans Popular<\/p>\n<\/td>\n<td width=\"25%\">\n<p align=\"center\">Cultural-Artistic\u0103<\/p>\n<\/td>\n<\/tr>\n<tr valign=\"top\">\n<td width=\"25%\">\n<p align=\"center\">20<\/p>\n<\/td>\n<td width=\"25%\">\n<p align=\"center\">N\u0103stase George<\/p>\n<\/td>\n<td width=\"25%\">\n<p align=\"center\">Teatru De Papu\u0219i\/Marionete<\/p>\n<\/td>\n<td width=\"25%\">\n<p align=\"center\">Cultural-Artistic\u0103<\/p>\n<\/td>\n<\/tr>\n<tr valign=\"top\">\n<td width=\"25%\">\n<p align=\"center\">21<\/p>\n<\/td>\n<td width=\"25%\">\n<p align=\"center\">N\u0103stase Mihaela<\/p>\n<\/td>\n<td width=\"25%\">\n<p align=\"center\">Teatru \u0219i Film<\/p>\n<\/td>\n<td width=\"25%\">\n<p align=\"center\">Cultural-Artistic\u0103<\/p>\n<\/td>\n<\/tr>\n<tr valign=\"top\">\n<td width=\"25%\">\n<p align=\"center\">22<\/p>\n<\/td>\n<td width=\"25%\">\n<p align=\"center\">Negoiasa Andreea<\/p>\n<\/td>\n<td width=\"25%\">\n<p align=\"center\">Educa\u021bie Civic\u0103<\/p>\n<\/td>\n<td width=\"25%\">\n<p align=\"center\">Cultural-Artistic\u0103<\/p>\n<\/td>\n<\/tr>\n<tr valign=\"top\">\n<td width=\"25%\">\n<p align=\"center\">23<\/p>\n<\/td>\n<td width=\"25%\">\n<p align=\"center\">Nicolai Elena-Maria<\/p>\n<\/td>\n<td width=\"25%\">\n<p align=\"center\">Cor Meloritm<\/p>\n<\/td>\n<td width=\"25%\">\n<p align=\"center\">Cultural-Artistic\u0103<\/p>\n<\/td>\n<\/tr>\n<tr valign=\"top\">\n<td width=\"25%\">\n<p align=\"center\">24<\/p>\n<\/td>\n<td width=\"25%\">\n<p align=\"center\">Niculae-Mitru Paulina<\/p>\n<\/td>\n<td width=\"25%\">\n<p align=\"center\">Dans Modern<\/p>\n<\/td>\n<td width=\"25%\">\n<p align=\"center\">Cultural-Artistic\u0103<\/p>\n<\/td>\n<\/tr>\n<tr valign=\"top\">\n<td width=\"25%\">\n<p align=\"center\">25<\/p>\n<\/td>\n<td width=\"25%\">\n<p align=\"center\">P\u00e2rvu Oana<\/p>\n<\/td>\n<td width=\"25%\">\n<p align=\"center\">Orchestra\/Grup Vocal Adagio<\/p>\n<\/td>\n<td width=\"25%\">\n<p align=\"center\">Cultural-Artistic\u0103<\/p>\n<\/td>\n<\/tr>\n<tr valign=\"top\">\n<td width=\"25%\">\n<p align=\"center\">26<\/p>\n<\/td>\n<td width=\"25%\">\n<p align=\"center\">Pepine Claudius Benone<\/p>\n<\/td>\n<td width=\"25%\">\n<p align=\"center\">Pictur\u0103<\/p>\n<\/td>\n<td width=\"25%\">\n<p align=\"center\">Cultural-Artistic\u0103<\/p>\n<\/td>\n<\/tr>\n<tr valign=\"top\">\n<td width=\"25%\">\n<p align=\"center\">27<\/p>\n<\/td>\n<td width=\"25%\">\n<p align=\"center\">Popa Tatiana<\/p>\n<\/td>\n<td width=\"25%\">\n<p align=\"center\">Cultur\u0103 \u0219i Civiliza\u021bie German\u0103<\/p>\n<\/td>\n<td width=\"25%\">\n<p align=\"center\">Cultural-Artistic\u0103<\/p>\n<\/td>\n<\/tr>\n<tr valign=\"top\">\n<td width=\"25%\">\n<p align=\"center\">28<\/p>\n<\/td>\n<td width=\"25%\">\n<p align=\"center\">R\u00eemboac\u0103 Bianca \u2013 Andreea<\/p>\n<\/td>\n<td width=\"25%\">\n<p align=\"center\">Cultur\u0103 \u0219i Civiliza\u021bie Englez\u0103<\/p>\n<\/td>\n<td width=\"25%\">\n<p align=\"center\">Cultural-Artistic\u0103<\/p>\n<\/td>\n<\/tr>\n<tr valign=\"top\">\n<td width=\"25%\">\n<p align=\"center\">29<\/p>\n<\/td>\n<td width=\"25%\">\n<p align=\"center\">Sebe\u0219 R\u0103van Mihail<\/p>\n<\/td>\n<td width=\"25%\">\n<p align=\"center\">Cultur\u0103 \u0219i Civiliza\u021bie German\u0103<\/p>\n<\/td>\n<td width=\"25%\">\n<p align=\"center\">Cultural-Artistic\u0103<\/p>\n<\/td>\n<\/tr>\n<tr valign=\"top\">\n<td width=\"25%\">\n<p align=\"center\">30<\/p>\n<\/td>\n<td width=\"25%\">\n<p align=\"center\">Simion C\u0103t\u0103lin<\/p>\n<\/td>\n<td width=\"25%\">\n<p align=\"center\">Limba francez\u0103<\/p>\n<\/td>\n<td width=\"25%\">\n<p align=\"center\">Cultural-Artistic\u0103<\/p>\n<\/td>\n<\/tr>\n<tr valign=\"top\">\n<td width=\"25%\">\n<p align=\"center\">31<\/p>\n<\/td>\n<td width=\"25%\">\n<p align=\"center\">Predu\u0219c\u0103 Diana Zenaida<\/p>\n<\/td>\n<td width=\"25%\">\n<p align=\"center\">Muzic\u0103 Vocal Instrumental\u0103<\/p>\n<\/td>\n<td width=\"25%\">\n<p align=\"center\">Cultural-Artistic\u0103<\/p>\n<\/td>\n<\/tr>\n<tr valign=\"top\">\n<td width=\"25%\" height=\"29\">\n<p align=\"center\">32<\/p>\n<\/td>\n<td width=\"25%\">\n<p align=\"center\">Stancu Alina Andreea<\/p>\n<\/td>\n<td width=\"25%\">\n<p align=\"center\">Jurnalism<\/p>\n<\/td>\n<td width=\"25%\">\n<p align=\"center\">Cultural-Artistic\u0103<\/p>\n<\/td>\n<\/tr>\n<tr valign=\"top\">\n<td width=\"25%\" height=\"23\">\n<p align=\"center\">33<\/p>\n<\/td>\n<td width=\"25%\">\n<p align=\"center\">Stoicescu- P\u0103un Claudia<\/p>\n<\/td>\n<td width=\"25%\">\n<p align=\"center\">Muzica Vocal Instrumentala<\/p>\n<\/td>\n<td width=\"25%\">\n<p align=\"center\">Cultural-Artistic\u0103<\/p>\n<\/td>\n<\/tr>\n<tr valign=\"top\">\n<td width=\"25%\">\n<p align=\"center\">34<\/p>\n<\/td>\n<td width=\"25%\">\n<p align=\"center\">Teodorescu M\u0103d\u0103lina<\/p>\n<\/td>\n<td width=\"25%\">\n<p align=\"center\">Dans Modern<\/p>\n<\/td>\n<td width=\"25%\">\n<p align=\"center\">Cultural-Artistic\u0103<\/p>\n<\/td>\n<\/tr>\n<tr valign=\"top\">\n<td width=\"25%\">\n<p align=\"center\">35<\/p>\n<\/td>\n<td width=\"25%\">\n<p align=\"center\">Tru\u021b\u0103 Daniela<\/p>\n<\/td>\n<td width=\"25%\">\n<p align=\"center\">Cultur\u0103 \u0219i Civiliza\u021bie German\u0103<\/p>\n<\/td>\n<td width=\"25%\">\n<p align=\"center\">Cultural-Artistic\u0103<\/p>\n<\/td>\n<\/tr>\n<tr valign=\"top\">\n<td width=\"25%\" height=\"22\">\n<p align=\"center\">36<\/p>\n<\/td>\n<td width=\"25%\">\n<p align=\"center\">Cucu Valentin<\/p>\n<\/td>\n<td width=\"25%\">\n<p align=\"center\">Corepeti\u021bie<\/p>\n<\/td>\n<td width=\"25%\">\n<p align=\"center\">Cultural-Artistic\u0103<\/p>\n<\/td>\n<\/tr>\n<\/tbody>\n<\/table>\n<p>[\/vc_column_text][\/vc_tta_section][\/vc_tta_tabs][\/vc_column][\/vc_row]<\/p>\n","protected":false},"excerpt":{"rendered":"<p>[vc_row][vc_column][\/vc_column][\/vc_row][vc_row][vc_column][vc_tta_tabs][vc_tta_section title=&#8221;Sec\u021bia Sport&#8221; tab_id=&#8221;1691413015452-affb86c1-5e72&#8243;][vc_column_text] Nr. crt. NUMELE SI PRENUMELE CERCUL SECTIA 1 Avram Flavian Baschet Sport 2 Bl\u0103naru Carmen Badminton Sport 3 Chele\u0219 Claudiu Arte Martiale \/Karate 1 Sport 4 Chele\u0219 Iulian Arte Martiale \/Karate 2 Sport 5 Cojocaru Radu Gimnastic\u0103 ritmic\u0103 Sport 6 Cozma R\u0103zvan Fotbal 1 Sport 7 \u0218ah Sport 8 Grigore Virgil [&hellip;]<\/p>\n","protected":false},"author":1,"featured_media":0,"parent":0,"menu_order":0,"comment_status":"closed","ping_status":"closed","template":"","meta":{"footnotes":""},"class_list":["post-4311","page","type-page","status-publish","hentry"],"_links":{"self":[{"href":"https:\/\/palatulnationalalcopiilor.ro\/index.php?rest_route=\/wp\/v2\/pages\/4311","targetHints":{"allow":["GET"]}}],"collection":[{"href":"https:\/\/palatulnationalalcopiilor.ro\/index.php?rest_route=\/wp\/v2\/pages"}],"about":[{"href":"https:\/\/palatulnationalalcopiilor.ro\/index.php?rest_route=\/wp\/v2\/types\/page"}],"author":[{"embeddable":true,"href":"https:\/\/palatulnationalalcopiilor.ro\/index.php?rest_route=\/wp\/v2\/users\/1"}],"replies":[{"embeddable":true,"href":"https:\/\/palatulnationalalcopiilor.ro\/index.php?rest_route=%2Fwp%2Fv2%2Fcomments&post=4311"}],"version-history":[{"count":22,"href":"https:\/\/palatulnationalalcopiilor.ro\/index.php?rest_route=\/wp\/v2\/pages\/4311\/revisions"}],"predecessor-version":[{"id":8147,"href":"https:\/\/palatulnationalalcopiilor.ro\/index.php?rest_route=\/wp\/v2\/pages\/4311\/revisions\/8147"}],"wp:attachment":[{"href":"https:\/\/palatulnationalalcopiilor.ro\/index.php?rest_route=%2Fwp%2Fv2%2Fmedia&parent=4311"}],"curies":[{"name":"wp","href":"https:\/\/api.w.org\/{rel}","templated":true}]}}