{"id":4313,"date":"2023-03-13T15:49:40","date_gmt":"2023-03-13T15:49:40","guid":{"rendered":"http:\/\/palatulnationalalcopiilor.ro\/?page_id=4313"},"modified":"2023-06-26T08:20:54","modified_gmt":"2023-06-26T08:20:54","slug":"dotari","status":"publish","type":"page","link":"https:\/\/palatulnationalalcopiilor.ro\/?page_id=4313","title":{"rendered":"Dot\u0103ri"},"content":{"rendered":"<p>[vc_row][vc_column][vc_column_text]<strong>Baza Materiala<\/strong><\/p>\n<p>\u00centr-o suprafa\u0163\u0103 construit\u0103 desf\u0103\u015furat\u0103 de cca. 22.000 mp se g\u0103sesc 46 de spa\u021bii educative cuprinz\u00e2nd:<\/p>\n<ul>\n<li>5 s\u0103li de coregrafie<\/li>\n<li>4 ateliere de art\u0103 plastic\u0103 specializate<\/li>\n<li>9 cercuri de muzic\u0103 specializate<\/li>\n<li>5 cabinete de limbi str\u0103ine<\/li>\n<li>2 cercuri de teatru (pentru copii; de p\u0103pu\u015fi)<\/li>\n<li>8 cabinete\/ laboratoare tehnico- \u015ftiin\u0163ifice<\/li>\n<li>3 ateliere modelism<\/li>\n<li>4 cabinete informatic\u0103<\/li>\n<li>1 foto \u2013 cineclub<\/li>\n<li>1 robotic\u0103<\/li>\n<li>5 s\u0103li amenajate pentru sport<\/li>\n<li>Observator astronomic modern<\/li>\n<li>Sal\u0103 de consiliu<\/li>\n<li>2 s\u0103li de spectacole (750 \u015fi 200 de locuri) \u015fi alte s\u0103li pentru activitati auxiliare :<\/li>\n<li>6 cabine arti\u015fti;<\/li>\n<li>Cabine tehnice (sunet, lumini, proiec\u0163ie) ;<\/li>\n<li>1 studio de \u00eenregistr\u0103ri audio;<\/li>\n<li>1 teatru de var\u0103 de 400-500 de locuri ;<\/li>\n<li>S\u0103li de expozi\u0163ie (\u00een foierele s\u0103lii mari, parter \u015fi et. I)<\/li>\n<li>Sector administrativ (conducere \u2013 3 cabinete, serviciu personal, oficiu juridic, secretariat, serviciu contabilitate, administrativ, s\u0103li personal auxiliar \u015fi de serviciu);<\/li>\n<li>Re\u0163ea de circa 200 de calculatoare;<\/li>\n<li>Re\u0163ea internet prin cablu \u00een toate cercurile; re\u0163ea wireless pe spa\u0163ii comune;<\/li>\n<li>Camere de supraveghere (32) spa\u0163ii interne \u015fi externe ;<\/li>\n<li>Dotare video-tv pentru activit\u0103\u0163ile educative;<\/li>\n<li>Mobilier \u015fcolar \u015fi dot\u0103ri func\u0163ionale specializate;<\/li>\n<\/ul>\n<p>[\/vc_column_text][\/vc_column][\/vc_row]<\/p>\n","protected":false},"excerpt":{"rendered":"<p>[vc_row][vc_column][vc_column_text]Baza Materiala \u00centr-o suprafa\u0163\u0103 construit\u0103 desf\u0103\u015furat\u0103 de cca. 22.000 mp se g\u0103sesc 46 de spa\u021bii educative cuprinz\u00e2nd: 5 s\u0103li de coregrafie 4 ateliere de art\u0103 plastic\u0103 specializate 9 cercuri de muzic\u0103 specializate 5 cabinete de limbi str\u0103ine 2 cercuri de teatru (pentru copii; de p\u0103pu\u015fi) 8 cabinete\/ laboratoare tehnico- \u015ftiin\u0163ifice 3 ateliere modelism 4 cabinete [&hellip;]<\/p>\n","protected":false},"author":1,"featured_media":0,"parent":0,"menu_order":0,"comment_status":"closed","ping_status":"closed","template":"","meta":{"footnotes":""},"class_list":["post-4313","page","type-page","status-publish","hentry"],"_links":{"self":[{"href":"https:\/\/palatulnationalalcopiilor.ro\/index.php?rest_route=\/wp\/v2\/pages\/4313","targetHints":{"allow":["GET"]}}],"collection":[{"href":"https:\/\/palatulnationalalcopiilor.ro\/index.php?rest_route=\/wp\/v2\/pages"}],"about":[{"href":"https:\/\/palatulnationalalcopiilor.ro\/index.php?rest_route=\/wp\/v2\/types\/page"}],"author":[{"embeddable":true,"href":"https:\/\/palatulnationalalcopiilor.ro\/index.php?rest_route=\/wp\/v2\/users\/1"}],"replies":[{"embeddable":true,"href":"https:\/\/palatulnationalalcopiilor.ro\/index.php?rest_route=%2Fwp%2Fv2%2Fcomments&post=4313"}],"version-history":[{"count":1,"href":"https:\/\/palatulnationalalcopiilor.ro\/index.php?rest_route=\/wp\/v2\/pages\/4313\/revisions"}],"predecessor-version":[{"id":4720,"href":"https:\/\/palatulnationalalcopiilor.ro\/index.php?rest_route=\/wp\/v2\/pages\/4313\/revisions\/4720"}],"wp:attachment":[{"href":"https:\/\/palatulnationalalcopiilor.ro\/index.php?rest_route=%2Fwp%2Fv2%2Fmedia&parent=4313"}],"curies":[{"name":"wp","href":"https:\/\/api.w.org\/{rel}","templated":true}]}}