{"id":4336,"date":"2023-03-13T15:56:13","date_gmt":"2023-03-13T15:56:13","guid":{"rendered":"http:\/\/palatulnationalalcopiilor.ro\/?page_id=4336"},"modified":"2025-05-14T06:26:18","modified_gmt":"2025-05-14T06:26:18","slug":"anunturi","status":"publish","type":"page","link":"https:\/\/palatulnationalalcopiilor.ro\/?page_id=4336","title":{"rendered":"Anun\u021buri"},"content":{"rendered":"<p>[vc_row][vc_column][vc_column_text]<\/p>\n<h3>Anun\u021b<\/h3>\n<div>\n<div>\n<p>Festivitatea de premiere a Concursului na\u021bional cu participare interna\u021bional\u0103 de crea\u021bie original\u0103 \u201eBasmele Reginei Maria\u201d va avea loc \u00een data de 19 iunie 2025, ora 11.00,\u00a0 la Palatul \u201eElisabeta\u201d Bucure\u0219ti.<\/p>\n<\/div>\n<div>La premiere sunt a\u0219tepta\u021bi to\u021bi copiii care au ob\u021binut cel pu\u021bin 85 puncte.<\/div>\n<div>Premian\u021bii, \u00eenso\u021bi\u021bi de profesorii coordonatori trebuie\u00a0s\u0103 soseasc\u0103 cu cel pu\u021bin 30 minute \u00eenainte de \u00eenceperea festivit\u0103\u021bii.<\/div>\n<div>\u021ainuta decent\u0103 este obligatorie.<\/div>\n<\/div>\n<p>&nbsp;[\/vc_column_text][vc_column_text]<\/p>\n<h3>Anun\u021b<\/h3>\n<p>Etapa na\u021bional\u0103 a Concursului na\u021bional cu participare interna\u021bional\u0103 de crea\u021bie original\u0103 \u201eBasmele Reginei Maria\u201d se va desf\u0103\u0219ura \u00een data de 13 aprilie 2025 (duminic\u0103), \u00eencep\u00e2nd cu ora 09:00, la Palatul Na\u021bional al Copiilor din Bucure\u0219ti, cu prezen\u021b\u0103 fizic\u0103.<\/p>\n<p>Elevii califica\u021bi sunt ruga\u021bi s\u0103 se prezinte la ora 08:30, av\u00e2nd asupra lor un document de identificare (CI, CN).[\/vc_column_text][vc_column_text]<\/p>\n<h2 style=\"text-align: center;\">Etapa Municipal\u0103 a Concursului na\u021bional cu participare interna\u021bional\u0103 de crea\u021bie original\u0103 \u201eBasmele Reginei Maria\u201d<\/h2>\n<p>Etapa municipal\u0103 a Concursului na\u021bional cu participare interna\u021bional\u0103 de crea\u021bie original\u0103 \u201eBasmele Reginei Maria\u201d (<a href=\"https:\/\/palatulnationalalcopiilor.ro\/wp-content\/uploads\/2025\/03\/basmele-reginei-maria-12-03-2025-1.pdf\" target=\"_blank\" rel=\"noopener\">Basmele Reginei Maria .PDF<\/a>) se va desf\u0103\u0219ura \u00een data de 21 martie 2025, \u00eencep\u00e2nd cu ora 09:00, la Palatul Na\u021bional al Copiilor din Bucure\u0219ti, cu prezen\u021b\u0103 fizic\u0103. Cadrele didactice au obliga\u021bia de a-\u0219i manifesta inten\u021bia de \u00eenscriere a elevilor pe platforma Inspectoratului \u0218colar al Muncipiului Bucure\u0219ti p\u00e2n\u0103 la data de 14 martie 2025, acces\u00e2nd formularul din link-ul de mai jos, conform adresei ISMB cu nr. 1253\/03.02.2025.<br \/>\n<a href=\"https:\/\/forms.gle\/8e38P5spK2bLUDhE9\" target=\"_blank\" rel=\"noopener\">https:\/\/forms.gle\/8e38P5spK2bLUDhE9<\/a><\/p>\n<p>De asemenea, cadrele didactice care nu au transmis fi\u0219ele de \u00eenscriere prev\u0103zute \u00een regulamentul concursului, la adresa de email a organizatorului, Palatul Copiilor din Craiova, le pot transmite p\u00e2n\u0103 la data de 17 martie 2025 pe adresa de e-mail a organizatorului etapei municipale: pnbucuresti@gmail.com<\/p>\n<p>&nbsp;[\/vc_column_text][\/vc_column][\/vc_row][vc_row][vc_column][vc_column_text]<\/p>\n<h3><a href=\"https:\/\/palatulnationalalcopiilor.ro\/wp-content\/uploads\/2023\/11\/LISTA-CERC-SAH_003.pdf\">Tabel nominal prescolari\/elevi inscrisi in anul 2023-2024<\/a><\/h3>\n<h3><a href=\"https:\/\/palatulnationalalcopiilor.ro\/wp-content\/uploads\/2023\/10\/AS-PRESELECTII-SEPT-2023.pdf\">Rezultate preselectii trupa\u00a0 \u201eAS\u201d din data de 30.09.2023<\/a><\/h3>\n<p>[\/vc_column_text][vc_column_text]<\/p>\n<h3><a href=\"https:\/\/palatulnationalalcopiilor.ro\/wp-content\/uploads\/2023\/10\/AS-PRESELECTII-SEPT-2023_IN-ASTEPTARE.pdf\">Rezultate preselesctii trupa \u201eAS\u201d din data de 30.09.2023 \u2013 IN ASTEPTARE<\/a><\/h3>\n<p>[\/vc_column_text][vc_column_text]<\/p>\n<h3 style=\"text-align: left;\">List\u0103 copii admisi \u00een anul 2023-2024 la corul Meloritm<\/h3>\n<p>[\/vc_column_text][\/vc_column][\/vc_row][vc_row][vc_column][vc_single_image image=&#8221;5660&#8243; img_size=&#8221;full&#8221;][\/vc_column][\/vc_row][vc_row][vc_column][\/vc_column][\/vc_row]<\/p>\n","protected":false},"excerpt":{"rendered":"<p>[vc_row][vc_column][vc_column_text] Anun\u021b Festivitatea de premiere a Concursului na\u021bional cu participare interna\u021bional\u0103 de crea\u021bie original\u0103 \u201eBasmele Reginei Maria\u201d va avea loc \u00een data de 19 iunie 2025, ora 11.00,\u00a0 la Palatul \u201eElisabeta\u201d Bucure\u0219ti. La premiere sunt a\u0219tepta\u021bi to\u021bi copiii care au ob\u021binut cel pu\u021bin 85 puncte. Premian\u021bii, \u00eenso\u021bi\u021bi de profesorii coordonatori trebuie\u00a0s\u0103 soseasc\u0103 cu cel pu\u021bin [&hellip;]<\/p>\n","protected":false},"author":1,"featured_media":0,"parent":0,"menu_order":0,"comment_status":"closed","ping_status":"closed","template":"","meta":{"footnotes":""},"class_list":["post-4336","page","type-page","status-publish","hentry"],"_links":{"self":[{"href":"https:\/\/palatulnationalalcopiilor.ro\/index.php?rest_route=\/wp\/v2\/pages\/4336","targetHints":{"allow":["GET"]}}],"collection":[{"href":"https:\/\/palatulnationalalcopiilor.ro\/index.php?rest_route=\/wp\/v2\/pages"}],"about":[{"href":"https:\/\/palatulnationalalcopiilor.ro\/index.php?rest_route=\/wp\/v2\/types\/page"}],"author":[{"embeddable":true,"href":"https:\/\/palatulnationalalcopiilor.ro\/index.php?rest_route=\/wp\/v2\/users\/1"}],"replies":[{"embeddable":true,"href":"https:\/\/palatulnationalalcopiilor.ro\/index.php?rest_route=%2Fwp%2Fv2%2Fcomments&post=4336"}],"version-history":[{"count":8,"href":"https:\/\/palatulnationalalcopiilor.ro\/index.php?rest_route=\/wp\/v2\/pages\/4336\/revisions"}],"predecessor-version":[{"id":7664,"href":"https:\/\/palatulnationalalcopiilor.ro\/index.php?rest_route=\/wp\/v2\/pages\/4336\/revisions\/7664"}],"wp:attachment":[{"href":"https:\/\/palatulnationalalcopiilor.ro\/index.php?rest_route=%2Fwp%2Fv2%2Fmedia&parent=4336"}],"curies":[{"name":"wp","href":"https:\/\/api.w.org\/{rel}","templated":true}]}}