{"id":7999,"date":"2025-09-11T07:38:17","date_gmt":"2025-09-11T07:38:17","guid":{"rendered":"https:\/\/palatulnationalalcopiilor.ro\/?page_id=7999"},"modified":"2025-09-11T07:45:26","modified_gmt":"2025-09-11T07:45:26","slug":"arhiva-cercuri","status":"publish","type":"page","link":"https:\/\/palatulnationalalcopiilor.ro\/?page_id=7999","title":{"rendered":"Arhiva Cercuri"},"content":{"rendered":"<p>[vc_row][vc_column][vc_column_text]<\/p>\n<h2><strong>Oferta educa\u021bional\u0103 &#8211; an \u0219colar 2024-2025<\/strong><\/h2>\n<div dir=\"auto\"><em>Dup\u0103 finalizarea etapei de re\u00eenscrieri (10 septembrie 2024) vom reveni cu num\u0103rul de locuri disponibile\/cerc.<\/em><\/div>\n<div dir=\"auto\"><em><a role=\"link\" href=\"https:\/\/www.facebook.com\/hashtag\/lapalat?__eep__=6&amp;__cft__[0]=AZWBhjY4c5mAx55Cccqa79sWRZ3HsaafYfHbcwjIkl7KX7WOzi7b0RSQonrBJVHACSsduqip4aMBBExH7lDvbYkOnLf5ekZcpKcPqL38JoMcJl40sQIJyIEhWYu8L9EHJFDFribZLasolKrDnFaCrP4Wxb0it-do4ZZ6WpPkgq4wiQ&amp;__tn__=*NK-R\" target=\"_blank\" rel=\"noopener\" data-saferedirecturl=\"https:\/\/www.google.com\/url?q=https:\/\/www.facebook.com\/hashtag\/lapalat?__eep__%3D6%26__cft__%5B0%5D%3DAZWBhjY4c5mAx55Cccqa79sWRZ3HsaafYfHbcwjIkl7KX7WOzi7b0RSQonrBJVHACSsduqip4aMBBExH7lDvbYkOnLf5ekZcpKcPqL38JoMcJl40sQIJyIEhWYu8L9EHJFDFribZLasolKrDnFaCrP4Wxb0it-do4ZZ6WpPkgq4wiQ%26__tn__%3D*NK-R&amp;source=gmail&amp;ust=1725702320061000&amp;usg=AOvVaw36VHwDs8Rn8BqXdWlwmUfy\">#laPalat<\/a><\/em><\/div>\n<p>[\/vc_column_text][\/vc_column][\/vc_row][vc_row][vc_column][vc_tta_tabs][vc_tta_section title=&#8221;Sec\u021bia Cultural-Artistic\u0103&#8221; tab_id=&#8221;1725616580331-4556080a-e1bf&#8221;][vc_column_text]<div class=\"_df_book df-lite\" id=\"df_7033\"  data-title=\"cultural-artistic-2025\" _slug=\"cultural-artistic-2025\" wpoptions=\"true\" thumbtype=\"bg\" ><p class=\"df-raw-loading\">Please wait while flipbook is loading. For more related info, FAQs and issues please refer to <a href=\"https:\/\/wordpress.org\/plugins\/3d-flipbook-dflip-lite\/#installation\">DearFlip WordPress Flipbook Plugin Help<\/a> documentation.<\/p><\/div><script class=\"df-shortcode-script\" type=\"application\/javascript\">window.option_df_7033 = {\"outline\":[],\"forceFit\":\"true\",\"autoEnableOutline\":\"false\",\"autoEnableThumbnail\":\"false\",\"overwritePDFOutline\":\"false\",\"direction\":\"1\",\"pageSize\":\"0\",\"source\":\"https:\\\/\\\/palatulnationalalcopiilor.ro\\\/wp-content\\\/uploads\\\/2024\\\/10\\\/1-2025-cultural-artistic.pdf\",\"wpOptions\":\"true\"}; if(window.DFLIP && window.DFLIP.parseBooks){window.DFLIP.parseBooks();}<\/script>[\/vc_column_text][\/vc_tta_section][vc_tta_section title=&#8221;Sec\u021bia Tehnico-\u0218tiin\u021bific\u0103&#8221; tab_id=&#8221;1725616580332-8c8022e7-6dc3&#8243;][vc_column_text]<div class=\"_df_book df-lite\" id=\"df_7035\"  data-title=\"tehnico-stiintific\" _slug=\"tehnico-stiintific\" wpoptions=\"true\" thumbtype=\"bg\" ><p class=\"df-raw-loading\">Please wait while flipbook is loading. For more related info, FAQs and issues please refer to <a href=\"https:\/\/wordpress.org\/plugins\/3d-flipbook-dflip-lite\/#installation\">DearFlip WordPress Flipbook Plugin Help<\/a> documentation.<\/p><\/div><script class=\"df-shortcode-script\" type=\"application\/javascript\">window.option_df_7035 = {\"outline\":[],\"forceFit\":\"true\",\"autoEnableOutline\":\"false\",\"autoEnableThumbnail\":\"false\",\"overwritePDFOutline\":\"false\",\"direction\":\"1\",\"pageSize\":\"0\",\"source\":\"https:\\\/\\\/palatulnationalalcopiilor.ro\\\/wp-content\\\/uploads\\\/2024\\\/11\\\/3-2025-tehnico-stiintific-2811.pdf\",\"wpOptions\":\"true\"}; if(window.DFLIP && window.DFLIP.parseBooks){window.DFLIP.parseBooks();}<\/script>[\/vc_column_text][\/vc_tta_section][vc_tta_section title=&#8221;Sec\u021bia Sport&#8221; tab_id=&#8221;1725616717962-af7d0b09-b860&#8243;][vc_column_text]<div class=\"_df_book df-lite\" id=\"df_7037\"  data-title=\"sport-2025\" _slug=\"sport-2025\" wpoptions=\"true\" thumbtype=\"bg\" ><p class=\"df-raw-loading\">Please wait while flipbook is loading. For more related info, FAQs and issues please refer to <a href=\"https:\/\/wordpress.org\/plugins\/3d-flipbook-dflip-lite\/#installation\">DearFlip WordPress Flipbook Plugin Help<\/a> documentation.<\/p><\/div><script class=\"df-shortcode-script\" type=\"application\/javascript\">window.option_df_7037 = {\"outline\":[],\"forceFit\":\"true\",\"autoEnableOutline\":\"false\",\"autoEnableThumbnail\":\"false\",\"overwritePDFOutline\":\"false\",\"direction\":\"1\",\"pageSize\":\"0\",\"source\":\"https:\\\/\\\/palatulnationalalcopiilor.ro\\\/wp-content\\\/uploads\\\/2024\\\/11\\\/4-2025-Sport-2811.pdf\",\"wpOptions\":\"true\"}; if(window.DFLIP && window.DFLIP.parseBooks){window.DFLIP.parseBooks();}<\/script>[\/vc_column_text][\/vc_tta_section][\/vc_tta_tabs][\/vc_column][\/vc_row][vc_row][vc_column][vc_column_text]<\/p>\n<h2><strong>Oferta educa\u021bional\u0103 &#8211; an \u0219colar 2023-2024<\/strong><\/h2>\n<p>[\/vc_column_text][\/vc_column][\/vc_row][vc_row][vc_column][vc_tta_tabs][vc_tta_section title=&#8221;Sec\u021bia Cultural-Artistic\u0103&#8221; tab_id=&#8221;1682593583860-024f369d-777f&#8221;][vc_column_text]<div class=\"_df_book df-lite\" id=\"df_5591\"  data-title=\"cerc-culturalartistic-2023-2024\" _slug=\"cerc-culturalartistic\" wpoptions=\"true\" thumbtype=\"bg\" ><p class=\"df-raw-loading\">Please wait while flipbook is loading. For more related info, FAQs and issues please refer to <a href=\"https:\/\/wordpress.org\/plugins\/3d-flipbook-dflip-lite\/#installation\">DearFlip WordPress Flipbook Plugin Help<\/a> documentation.<\/p><\/div><script class=\"df-shortcode-script\" type=\"application\/javascript\">window.option_df_5591 = {\"outline\":[],\"forceFit\":\"true\",\"autoEnableOutline\":\"false\",\"autoEnableThumbnail\":\"false\",\"overwritePDFOutline\":\"false\",\"direction\":\"1\",\"pageSize\":\"0\",\"source\":\"https:\\\/\\\/palatulnationalalcopiilor.ro\\\/wp-content\\\/uploads\\\/2023\\\/11\\\/BANUTA-ANA-MARIA.pdf\",\"wpOptions\":\"true\"}; if(window.DFLIP && window.DFLIP.parseBooks){window.DFLIP.parseBooks();}<\/script>[\/vc_column_text][\/vc_tta_section][vc_tta_section title=&#8221;Sec\u021bia Tehnico-\u0218tiin\u021bific\u0103&#8221; tab_id=&#8221;1682593583860-17cc3f8a-2162&#8243;][vc_column_text]<div class=\"_df_book df-lite\" id=\"df_5589\"  data-title=\"cerc-tehnicostiintific-2023-2024\" _slug=\"cerc-tehnicostiintific\" wpoptions=\"true\" thumbtype=\"bg\" ><p class=\"df-raw-loading\">Please wait while flipbook is loading. For more related info, FAQs and issues please refer to <a href=\"https:\/\/wordpress.org\/plugins\/3d-flipbook-dflip-lite\/#installation\">DearFlip WordPress Flipbook Plugin Help<\/a> documentation.<\/p><\/div><script class=\"df-shortcode-script\" type=\"application\/javascript\">window.option_df_5589 = {\"outline\":[],\"forceFit\":\"true\",\"autoEnableOutline\":\"false\",\"autoEnableThumbnail\":\"false\",\"overwritePDFOutline\":\"false\",\"direction\":\"1\",\"pageSize\":\"0\",\"source\":\"https:\\\/\\\/palatulnationalalcopiilor.ro\\\/wp-content\\\/uploads\\\/2023\\\/11\\\/BALALIA-GABRIELA.pdf\",\"wpOptions\":\"true\"}; if(window.DFLIP && window.DFLIP.parseBooks){window.DFLIP.parseBooks();}<\/script>[\/vc_column_text][\/vc_tta_section][vc_tta_section title=&#8221;Sec\u021bia Sport&#8221; tab_id=&#8221;1682593677832-bc7644e6-b955&#8243;][vc_column_text]<div class=\"_df_book df-lite\" id=\"df_5587\"  data-title=\"cerc-sport-2023-2024\" _slug=\"cerc-sport-2023-2024\" wpoptions=\"true\" thumbtype=\"bg\" ><p class=\"df-raw-loading\">Please wait while flipbook is loading. For more related info, FAQs and issues please refer to <a href=\"https:\/\/wordpress.org\/plugins\/3d-flipbook-dflip-lite\/#installation\">DearFlip WordPress Flipbook Plugin Help<\/a> documentation.<\/p><\/div><script class=\"df-shortcode-script\" type=\"application\/javascript\">window.option_df_5587 = {\"outline\":[],\"forceFit\":\"true\",\"autoEnableOutline\":\"false\",\"autoEnableThumbnail\":\"false\",\"overwritePDFOutline\":\"false\",\"direction\":\"1\",\"pageSize\":\"0\",\"source\":\"https:\\\/\\\/palatulnationalalcopiilor.ro\\\/wp-content\\\/uploads\\\/2023\\\/11\\\/AVRAM-FLAVIAN.pdf\",\"wpOptions\":\"true\"}; if(window.DFLIP && window.DFLIP.parseBooks){window.DFLIP.parseBooks();}<\/script>[\/vc_column_text][\/vc_tta_section][\/vc_tta_tabs][\/vc_column][\/vc_row][vc_row][vc_column][vc_column_text]<\/p>\n<h2><strong>Oferta educa\u021bional\u0103 &#8211; an \u0219colar 2022-2023<\/strong><\/h2>\n<p>[\/vc_column_text][\/vc_column][\/vc_row][vc_row][vc_column][vc_tta_tabs][vc_tta_section title=&#8221;Sec\u021bia Cultural-Artistic\u0103&#8221; tab_id=&#8221;1682593583860-024f369d-777f&#8221;][vc_column_text]<div class=\"_df_book df-lite\" id=\"df_4572\"  data-title=\"pdf-cultural-artistica\" _slug=\"pdf-cultural-artistica\" wpoptions=\"true\" thumbtype=\"bg\" ><p class=\"df-raw-loading\">Please wait while flipbook is loading. For more related info, FAQs and issues please refer to <a href=\"https:\/\/wordpress.org\/plugins\/3d-flipbook-dflip-lite\/#installation\">DearFlip WordPress Flipbook Plugin Help<\/a> documentation.<\/p><\/div><script class=\"df-shortcode-script\" type=\"application\/javascript\">window.option_df_4572 = {\"outline\":[],\"forceFit\":\"true\",\"autoEnableOutline\":\"false\",\"autoEnableThumbnail\":\"false\",\"overwritePDFOutline\":\"false\",\"direction\":\"1\",\"pageSize\":\"0\",\"source\":\"https:\\\/\\\/palatulnationalalcopiilor.ro\\\/wp-content\\\/uploads\\\/2023\\\/04\\\/prezentare-culturalartistic.pdf\",\"wpOptions\":\"true\"}; if(window.DFLIP && window.DFLIP.parseBooks){window.DFLIP.parseBooks();}<\/script>[\/vc_column_text][\/vc_tta_section][vc_tta_section title=&#8221;Sec\u021bia Tehnico-\u0218tiin\u021bific\u0103&#8221; tab_id=&#8221;1682593583860-17cc3f8a-2162&#8243;][vc_column_text]<div class=\"_df_book df-lite\" id=\"df_4576\"  data-title=\"prezentare-tehnico-stiintifica\" _slug=\"prezentare-tehnico-stiintifica\" wpoptions=\"true\" thumbtype=\"bg\" ><p class=\"df-raw-loading\">Please wait while flipbook is loading. For more related info, FAQs and issues please refer to <a href=\"https:\/\/wordpress.org\/plugins\/3d-flipbook-dflip-lite\/#installation\">DearFlip WordPress Flipbook Plugin Help<\/a> documentation.<\/p><\/div><script class=\"df-shortcode-script\" type=\"application\/javascript\">window.option_df_4576 = {\"outline\":[],\"forceFit\":\"true\",\"autoEnableOutline\":\"false\",\"autoEnableThumbnail\":\"false\",\"overwritePDFOutline\":\"false\",\"direction\":\"1\",\"pageSize\":\"0\",\"source\":\"https:\\\/\\\/palatulnationalalcopiilor.ro\\\/wp-content\\\/uploads\\\/2023\\\/04\\\/prezentare-tehnico.stiintific.pdf\",\"wpOptions\":\"true\"}; if(window.DFLIP && window.DFLIP.parseBooks){window.DFLIP.parseBooks();}<\/script>[\/vc_column_text][\/vc_tta_section][vc_tta_section title=&#8221;Sec\u021bia Sport&#8221; tab_id=&#8221;1682593677832-bc7644e6-b955&#8243;][vc_column_text]<div class=\"_df_book df-lite\" id=\"df_4574\"  data-title=\"pdf-sport\" _slug=\"pdf-sport\" wpoptions=\"true\" thumbtype=\"bg\" ><p class=\"df-raw-loading\">Please wait while flipbook is loading. For more related info, FAQs and issues please refer to <a href=\"https:\/\/wordpress.org\/plugins\/3d-flipbook-dflip-lite\/#installation\">DearFlip WordPress Flipbook Plugin Help<\/a> documentation.<\/p><\/div><script class=\"df-shortcode-script\" type=\"application\/javascript\">window.option_df_4574 = {\"outline\":[],\"forceFit\":\"true\",\"autoEnableOutline\":\"false\",\"autoEnableThumbnail\":\"false\",\"overwritePDFOutline\":\"false\",\"direction\":\"1\",\"pageSize\":\"0\",\"source\":\"https:\\\/\\\/palatulnationalalcopiilor.ro\\\/wp-content\\\/uploads\\\/2023\\\/04\\\/prezentare-sport.pdf\",\"wpOptions\":\"true\"}; if(window.DFLIP && window.DFLIP.parseBooks){window.DFLIP.parseBooks();}<\/script>[\/vc_column_text][\/vc_tta_section][\/vc_tta_tabs][\/vc_column][\/vc_row]<\/p>\n","protected":false},"excerpt":{"rendered":"<p>[vc_row][vc_column][vc_column_text] Oferta educa\u021bional\u0103 &#8211; an \u0219colar 2024-2025 Dup\u0103 finalizarea etapei de re\u00eenscrieri (10 septembrie 2024) vom reveni cu num\u0103rul de locuri disponibile\/cerc. #laPalat [\/vc_column_text][\/vc_column][\/vc_row][vc_row][vc_column][vc_tta_tabs][vc_tta_section title=&#8221;Sec\u021bia Cultural-Artistic\u0103&#8221; tab_id=&#8221;1725616580331-4556080a-e1bf&#8221;][vc_column_text][\/vc_column_text][\/vc_tta_section][vc_tta_section title=&#8221;Sec\u021bia Tehnico-\u0218tiin\u021bific\u0103&#8221; tab_id=&#8221;1725616580332-8c8022e7-6dc3&#8243;][vc_column_text][\/vc_column_text][\/vc_tta_section][vc_tta_section title=&#8221;Sec\u021bia Sport&#8221; tab_id=&#8221;1725616717962-af7d0b09-b860&#8243;][vc_column_text][\/vc_column_text][\/vc_tta_section][\/vc_tta_tabs][\/vc_column][\/vc_row][vc_row][vc_column][vc_column_text] Oferta educa\u021bional\u0103 &#8211; an \u0219colar 2023-2024 [\/vc_column_text][\/vc_column][\/vc_row][vc_row][vc_column][vc_tta_tabs][vc_tta_section title=&#8221;Sec\u021bia Cultural-Artistic\u0103&#8221; tab_id=&#8221;1682593583860-024f369d-777f&#8221;][vc_column_text][\/vc_column_text][\/vc_tta_section][vc_tta_section title=&#8221;Sec\u021bia Tehnico-\u0218tiin\u021bific\u0103&#8221; tab_id=&#8221;1682593583860-17cc3f8a-2162&#8243;][vc_column_text][\/vc_column_text][\/vc_tta_section][vc_tta_section title=&#8221;Sec\u021bia Sport&#8221; tab_id=&#8221;1682593677832-bc7644e6-b955&#8243;][vc_column_text][\/vc_column_text][\/vc_tta_section][\/vc_tta_tabs][\/vc_column][\/vc_row][vc_row][vc_column][vc_column_text] Oferta educa\u021bional\u0103 &#8211; an \u0219colar 2022-2023 [&hellip;]<\/p>\n","protected":false},"author":1,"featured_media":0,"parent":0,"menu_order":0,"comment_status":"closed","ping_status":"closed","template":"","meta":{"footnotes":""},"class_list":["post-7999","page","type-page","status-publish","hentry"],"_links":{"self":[{"href":"https:\/\/palatulnationalalcopiilor.ro\/index.php?rest_route=\/wp\/v2\/pages\/7999","targetHints":{"allow":["GET"]}}],"collection":[{"href":"https:\/\/palatulnationalalcopiilor.ro\/index.php?rest_route=\/wp\/v2\/pages"}],"about":[{"href":"https:\/\/palatulnationalalcopiilor.ro\/index.php?rest_route=\/wp\/v2\/types\/page"}],"author":[{"embeddable":true,"href":"https:\/\/palatulnationalalcopiilor.ro\/index.php?rest_route=\/wp\/v2\/users\/1"}],"replies":[{"embeddable":true,"href":"https:\/\/palatulnationalalcopiilor.ro\/index.php?rest_route=%2Fwp%2Fv2%2Fcomments&post=7999"}],"version-history":[{"count":4,"href":"https:\/\/palatulnationalalcopiilor.ro\/index.php?rest_route=\/wp\/v2\/pages\/7999\/revisions"}],"predecessor-version":[{"id":8005,"href":"https:\/\/palatulnationalalcopiilor.ro\/index.php?rest_route=\/wp\/v2\/pages\/7999\/revisions\/8005"}],"wp:attachment":[{"href":"https:\/\/palatulnationalalcopiilor.ro\/index.php?rest_route=%2Fwp%2Fv2%2Fmedia&parent=7999"}],"curies":[{"name":"wp","href":"https:\/\/api.w.org\/{rel}","templated":true}]}}